{"id":2,"date":"2025-01-06T15:53:21","date_gmt":"2025-01-06T15:53:21","guid":{"rendered":"https:\/\/blogs.aalto.fi\/uponnut\/?page_id=2"},"modified":"2025-01-11T20:41:53","modified_gmt":"2025-01-11T20:41:53","slug":"sample-page","status":"publish","type":"page","link":"https:\/\/blogs.aalto.fi\/uponnut\/sample-page\/","title":{"rendered":"Uponnut katedraali. Turun tuomiokirkon keskiaikainen arkkitehtuuri, rakennushistoria ja taideteokset uusien tutkimusmenetelmien ristiinvalotuksessa"},"content":{"rendered":"\n<p>T\u00e4m\u00e4 blogi kertoo Turun tuomiokirkkoa koskevasta monitieteisest\u00e4 tutkimushankkeesta, jossa kirkon rakennushistoriaan syvennyt\u00e4\u00e4n ensi kertaa kokonaisvaltaisesti 1920-luvun j\u00e4lkeen.<\/p>\n\n\n\n<p>Turun tuomiokirkko on yksi Suomen vanhimmista rakennuksista, monumentti, joka kuvastaa Suomen alueen kansainv\u00e4lisi\u00e4 yhteyksi\u00e4 ja historiaa keskiajalta nykyp\u00e4iviin. Tuomiokirkon keskiaikaista rakennushistoriaa ja esineist\u00f6\u00e4 ei ole kuitenkaan tutkittu kokonaisvaltaisesti sitten 1920-luvun. Hankkeessa luodaan luonnontieteellisin ja humanistisin menetelmin uusi kokonaiskuva tuomiokirkon rakennushistoriasta, yleiseurooppalaisista yhteyksist\u00e4 sek\u00e4 kirkon esineist\u00f6st\u00e4 osana Pohjois-Euroopan keskiajan arkkitehtuurihistoriaa. Luonnontieteellisist\u00e4 menetelmist\u00e4 vertailevaan rakennustilikirjojen ja anekirjeiden analyysiin ulottuva monitieteinen yhteisty\u00f6 tuo vastauksia tuomiokirkon keskiaikaiseen historiaan liittyviin kysymyksiin, jotka ovat askarruttaneet tutkijoita ja suurta yleis\u00f6\u00e4 vuosisatoja. Hanke luo my\u00f6s uusia menetelm\u00e4llisi\u00e4 avauksia yhdistelem\u00e4ll\u00e4 historiallisten tietomallien, analyysien ja asiakirjojen k\u00e4ytt\u00f6\u00e4 arkkitehtuurihistoriallisessa ja rakennusarkeologisessa tutkimuksessa.<\/p>\n\n\n\n<p>Akatemiahanke nr. 362167, Suomen akatemia<br>Hankkeen toteutus 1.9.2024\u201331.8.2028<br><\/p>\n\n\n\n<p>Hankkeen vet\u00e4j\u00e4: prof. Panu Savolainen (panu.savolainen (at) aalto.fi)<\/p>\n\n\n\n<p>Hankkeen tutkijat:<\/p>\n\n\n\n<p>Ilari Aalto (v\u00e4it\u00f6skirjatutkija), Janne Harjula (dosentti), Jussi Kinnunen (v\u00e4it\u00f6skirjatutkija), Ulla Nordfors (dosentti), Sofia Paasikivi (v\u00e4it\u00f6skirjatutkija), Tanja Ratilainen (FT), Katri Vuola (FT)<\/p>\n","protected":false},"excerpt":{"rendered":"<p>T\u00e4m\u00e4 blogi kertoo Turun tuomiokirkkoa koskevasta monitieteisest\u00e4 tutkimushankkeesta, jossa kirkon rakennushistoriaan syvennyt\u00e4\u00e4n ensi kertaa kokonaisvaltaisesti 1920-luvun j\u00e4lkeen. Turun tuomiokirkko on yksi Suomen vanhimmista rakennuksista, monumentti, joka kuvastaa Suomen alueen kansainv\u00e4lisi\u00e4 yhteyksi\u00e4 ja historiaa keskiajalta nykyp\u00e4iviin. Tuomiokirkon keskiaikaista rakennushistoriaa ja esineist\u00f6\u00e4 &hellip; <a href=\"https:\/\/blogs.aalto.fi\/uponnut\/sample-page\/\">Lue loppuun <span class=\"meta-nav\">&rarr;<\/span><\/a><\/p>\n","protected":false},"author":4116,"featured_media":0,"parent":0,"menu_order":0,"comment_status":"closed","ping_status":"open","template":"","meta":{"footnotes":""},"class_list":["post-2","page","type-page","status-publish","hentry"],"_links":{"self":[{"href":"https:\/\/blogs.aalto.fi\/uponnut\/wp-json\/wp\/v2\/pages\/2","targetHints":{"allow":["GET"]}}],"collection":[{"href":"https:\/\/blogs.aalto.fi\/uponnut\/wp-json\/wp\/v2\/pages"}],"about":[{"href":"https:\/\/blogs.aalto.fi\/uponnut\/wp-json\/wp\/v2\/types\/page"}],"author":[{"embeddable":true,"href":"https:\/\/blogs.aalto.fi\/uponnut\/wp-json\/wp\/v2\/users\/4116"}],"replies":[{"embeddable":true,"href":"https:\/\/blogs.aalto.fi\/uponnut\/wp-json\/wp\/v2\/comments?post=2"}],"version-history":[{"count":2,"href":"https:\/\/blogs.aalto.fi\/uponnut\/wp-json\/wp\/v2\/pages\/2\/revisions"}],"predecessor-version":[{"id":21,"href":"https:\/\/blogs.aalto.fi\/uponnut\/wp-json\/wp\/v2\/pages\/2\/revisions\/21"}],"wp:attachment":[{"href":"https:\/\/blogs.aalto.fi\/uponnut\/wp-json\/wp\/v2\/media?parent=2"}],"curies":[{"name":"wp","href":"https:\/\/api.w.org\/{rel}","templated":true}]}}