{"id":63,"date":"2021-10-14T14:09:09","date_gmt":"2021-10-14T14:09:09","guid":{"rendered":"https:\/\/blogs.aalto.fi\/tai2021\/?page_id=63"},"modified":"2021-11-03T13:46:11","modified_gmt":"2021-11-03T13:46:11","slug":"accommodation","status":"publish","type":"page","link":"https:\/\/blogs.aalto.fi\/tai2021\/accommodation\/","title":{"rendered":"TRAVEL"},"content":{"rendered":"<p>Here are some recommendations for your stay!<\/p>\n<p><strong>T\u00f6\u00f6l\u00f6 Tower<\/strong> &#8211;\u00a0 Economy apartments and rooms including breakfast starting from 71 e single room\u00a0 \/night.<br \/>\n<strong>Book here<\/strong>\u00a0 <strong><a href=\"https:\/\/unihome.fi\/en\/properties\/toolo-towers\">T\u00f6\u00f6l\u00f6 Towers &#8211; Unihome <\/a><\/strong>&#8211; use the code <strong>UNI21 and receive -10 % discount.<br \/>\n<\/strong>Public transport between T\u00f6\u00f6l\u00f6 Tower and Aalto campus: Bus from T\u00f6\u00f6l\u00f6 to Kamppi + metro to Aalto University, approx. 30-40 min.<\/p>\n<p><strong>Campus hotel<\/strong> &#8211; if you wish to be adjacent to the Aalto campus, where the doctoral education and Transatlantic Infraday will take place, \u00a0a nice option is <strong><a href=\"https:\/\/www.radissonhotels.com\/en-us\/hotels\/radisson-blu-espoo?cid=a:se+b:gmb+c:emea+i:local+e:rdb+d:nob+h:FIHELESP\">Radisson Blu Hotel Espoo<\/a><\/strong>\u2013 they offer good rates around 100 e\/double room \/night.<\/p>\n<p><strong>City centre hotel<br \/>\n<\/strong>If you prefer living in the city center but close to the metro (Kamppi &gt; Aalto campus 15 minutes) we recommend <strong><a href=\"https:\/\/www.radissonhotels.com\/en-us\/hotels\/radisson-blu-helsinki-royal?cid=a:se+b:gmb+c:emea+i:local+e:rdb+d:nob+h:FIHELROY\">Radisson Blu Royal<\/a><\/strong> \u2013 also reasonable prices around 125 \u00a0e \/double room \/ night.<\/p>\n<p>Good\u00a0 Airbnb homes are available in Helsink and Espoo.<\/p>\n","protected":false},"excerpt":{"rendered":"<p>Here are some recommendations for your stay! T\u00f6\u00f6l\u00f6 Tower &#8211;\u00a0 Economy apartments and rooms including breakfast starting from 71 e single room\u00a0 \/night. Book here\u00a0 T\u00f6\u00f6l\u00f6 Towers &#8211; Unihome &#8211; use the code UNI21 and receive -10 % discount. Public transport between T\u00f6\u00f6l\u00f6 Tower and Aalto campus: Bus from T\u00f6\u00f6l\u00f6 to Kamppi + metro to [&hellip;]<\/p>\n","protected":false},"author":961,"featured_media":0,"parent":0,"menu_order":0,"comment_status":"closed","ping_status":"closed","template":"","meta":{"footnotes":""},"class_list":["post-63","page","type-page","status-publish","hentry"],"_links":{"self":[{"href":"https:\/\/blogs.aalto.fi\/tai2021\/wp-json\/wp\/v2\/pages\/63","targetHints":{"allow":["GET"]}}],"collection":[{"href":"https:\/\/blogs.aalto.fi\/tai2021\/wp-json\/wp\/v2\/pages"}],"about":[{"href":"https:\/\/blogs.aalto.fi\/tai2021\/wp-json\/wp\/v2\/types\/page"}],"author":[{"embeddable":true,"href":"https:\/\/blogs.aalto.fi\/tai2021\/wp-json\/wp\/v2\/users\/961"}],"replies":[{"embeddable":true,"href":"https:\/\/blogs.aalto.fi\/tai2021\/wp-json\/wp\/v2\/comments?post=63"}],"version-history":[{"count":7,"href":"https:\/\/blogs.aalto.fi\/tai2021\/wp-json\/wp\/v2\/pages\/63\/revisions"}],"predecessor-version":[{"id":326,"href":"https:\/\/blogs.aalto.fi\/tai2021\/wp-json\/wp\/v2\/pages\/63\/revisions\/326"}],"wp:attachment":[{"href":"https:\/\/blogs.aalto.fi\/tai2021\/wp-json\/wp\/v2\/media?parent=63"}],"curies":[{"name":"wp","href":"https:\/\/api.w.org\/{rel}","templated":true}]}}