{"id":18,"date":"2017-05-26T15:15:02","date_gmt":"2017-05-26T15:15:02","guid":{"rendered":"https:\/\/blogs.aalto.fi\/risk2017\/?page_id=18"},"modified":"2017-10-29T12:57:13","modified_gmt":"2017-10-29T12:57:13","slug":"contact","status":"publish","type":"page","link":"https:\/\/blogs.aalto.fi\/risk2017\/contact\/","title":{"rendered":"Contact"},"content":{"rendered":"<p><strong>Local organizing committee<\/strong><\/p>\n<p>Ahti Salo, Aalto University<br \/>\nJan-Erik Holmberg, Risk-Pilot<br \/>\nSakari Kuikka, University of Helsinki<br \/>\nMarja Yl\u00f6nen, VTT Technical Research Centre of Finland<br \/>\nMary-Ann Wikstr\u00f6m, Aalto University<\/p>\n<p>If any questions, please contact Marja Yl\u00f6nen, marja.ylonen@vtt.fi<\/p>\n<p><strong>Scientific committee<\/strong><\/p>\n<p>Aiste Balzekiene, Technical University of Kaunas, Lithuania<br \/>\n\u00c5sa Boholm, University of Gothenburg, Sweden<br \/>\nRagnar L\u00f6fstedt, King\u2019s College, London, UK<br \/>\nIgor Kozin, DTU, Technical University of Denmark<br \/>\nSakari Kuikka, University of Helsinki, Finland<br \/>\nUllrika Sahlin, University of Lund, Sweden<br \/>\nMarja Yl\u00f6nen, VTT Technical Research Centre of Finland<br \/>\nSusanna \u00d6hman, Mid Sweden University, Sweden<\/p>\n<p><strong>Workshops committee<\/strong><\/p>\n<p>Ullrika Sahlin,\u00a0 University of Lund, Sweden<br \/>\nEdoardo Tosoni, Aalto University, Finland<\/p>\n<p><strong>Conference Secretary<\/strong><\/p>\n<p>Mary-Ann Wikstr\u00f6m, Aalto University<br \/>\nphone: +358 50 305 4767<br \/>\nemail: mary-ann.wikstrom@aalto.fi<\/p>\n<p><strong>Contact organizers<\/strong>: Risk2017@list.aalto.fi<\/p>\n<p><span class=\"author vcard\">Posted by Mary-Ann Alfthan<\/span><\/p>\n","protected":false},"excerpt":{"rendered":"<p>Local organizing committee Ahti Salo, Aalto University Jan-Erik Holmberg, Risk-Pilot Sakari Kuikka, University of Helsinki Marja Yl\u00f6nen, VTT Technical Research Centre of Finland Mary-Ann Wikstr\u00f6m, Aalto University If any questions, please contact Marja Yl\u00f6nen, marja.ylonen@vtt.fi Scientific committee Aiste Balzekiene, Technical &hellip; <a href=\"https:\/\/blogs.aalto.fi\/risk2017\/contact\/\">Continue reading <span class=\"meta-nav\">&rarr;<\/span><\/a><\/p>\n","protected":false},"author":961,"featured_media":0,"parent":0,"menu_order":0,"comment_status":"closed","ping_status":"closed","template":"","meta":{"footnotes":""},"class_list":["post-18","page","type-page","status-publish","hentry"],"_links":{"self":[{"href":"https:\/\/blogs.aalto.fi\/risk2017\/wp-json\/wp\/v2\/pages\/18","targetHints":{"allow":["GET"]}}],"collection":[{"href":"https:\/\/blogs.aalto.fi\/risk2017\/wp-json\/wp\/v2\/pages"}],"about":[{"href":"https:\/\/blogs.aalto.fi\/risk2017\/wp-json\/wp\/v2\/types\/page"}],"author":[{"embeddable":true,"href":"https:\/\/blogs.aalto.fi\/risk2017\/wp-json\/wp\/v2\/users\/961"}],"replies":[{"embeddable":true,"href":"https:\/\/blogs.aalto.fi\/risk2017\/wp-json\/wp\/v2\/comments?post=18"}],"version-history":[{"count":9,"href":"https:\/\/blogs.aalto.fi\/risk2017\/wp-json\/wp\/v2\/pages\/18\/revisions"}],"predecessor-version":[{"id":268,"href":"https:\/\/blogs.aalto.fi\/risk2017\/wp-json\/wp\/v2\/pages\/18\/revisions\/268"}],"wp:attachment":[{"href":"https:\/\/blogs.aalto.fi\/risk2017\/wp-json\/wp\/v2\/media?parent=18"}],"curies":[{"name":"wp","href":"https:\/\/api.w.org\/{rel}","templated":true}]}}