{"id":261,"date":"2023-02-23T12:58:00","date_gmt":"2023-02-23T12:58:00","guid":{"rendered":"https:\/\/blogs.aalto.fi\/nofoma2023\/?page_id=261"},"modified":"2023-06-12T06:26:08","modified_gmt":"2023-06-12T06:26:08","slug":"social-events","status":"publish","type":"page","link":"https:\/\/blogs.aalto.fi\/nofoma2023\/social-events\/","title":{"rendered":"Social events"},"content":{"rendered":"\n<p>Make the most of your conference and join the <strong>social events <\/strong>\u2013 meet old and new colleagues!<\/p>\n\n\n\n<p>Wed 14 June at 17:00 &#8211; 21:00: <strong>Cruise &amp; Finnish Sauna evening at L\u00f6yly<\/strong><br>Hernesaarenranta 4, Helsinki<\/p>\n\n\n\n<figure class=\"wp-block-image size-full\"><img loading=\"lazy\" decoding=\"async\" width=\"680\" height=\"453\" src=\"https:\/\/blogs.aalto.fi\/nofoma2023\/files\/2023\/03\/2022-09-29.jpg\" alt=\"\" class=\"wp-image-317\" srcset=\"https:\/\/blogs.aalto.fi\/nofoma2023\/files\/2023\/03\/2022-09-29.jpg 680w, https:\/\/blogs.aalto.fi\/nofoma2023\/files\/2023\/03\/2022-09-29-300x200.jpg 300w, https:\/\/blogs.aalto.fi\/nofoma2023\/files\/2023\/03\/2022-09-29-624x416.jpg 624w\" sizes=\"auto, (max-width: 680px) 100vw, 680px\" \/><\/figure>\n\n\n\n<p>We welcome all Nordlog, Educators\u2019 Day and NOFOMA participants to the pre-conference <strong>Get-together &amp; Networking event on Wednesday June 14<\/strong>.  <br><br>16:30 Joint walk from Venue lobby in Otaniemi Maarintie 8,to Waterbus pier by Otaranta (adjacent to Hotel Radisson Espoo)<br>17:00 Waterbus departure to Merisatama, Helsinki &gt; drop off and 1 km seaside walk to L\u00f6yly<br>18:30-21:00 Sauna, food &amp; mingle at L\u00f6yly together with NOFOMA conference participants.<\/p>\n\n\n\n<p>After Nordlog and Educators&#8217; Day on Wednesday, we walk from the venue to the pier of Otaranta, where a private waterbus is waiting for us to tour the archipelago of Espoo and seaside Helsinki, then move to the iconic L\u00f6yly. During the informal evening, you will get to enjoy refreshments and the famous L\u00f6yly salmon soup. Finnish actor and fisherman Jasper P\u00e4\u00e4kk\u00f6nen is behind the secret recipe of the soup, and he is also one of the founders of L\u00f6yly. <br>The entire sauna department and it&#8217;s adjacent terrace are reserved for NOFOMA 18:30-21:00. Why not try the gentle steam of the smoke sauna and take a refreshing swim in the sea! We warmly recommend it, and remind you to bring your swimsuit as the saunas are mixed.<br>You can naturally join the party without going to sauna, the terrace towards the sea will be our outdoor venue.<\/p>\n\n\n\n<p>If you arrive on Wednesday afternoon or evening, you can join the group at<strong> Aalto campus at 16:30 (NOFOMA venue, Maarintie 8)<\/strong> OR<br>come directly at <strong>17:00 departure to the waterbus pier <\/strong>adjacent to the campus and Hotel Radisson Espoo (opposite sports field &#8211;  see picture at the bottom of this page)<br>OR<br>meet up at <strong>18:30 at the L\u00f6yly restaurant<\/strong> in Helsinki, Hernesaarenranta 4. <br>If you arrive by public transport, tram nr 6 is the most convenient from the city centre.<\/p>\n\n\n\n<p>Please note, that there is <strong>no storage space for suitcases<\/strong> in the restaurant!<\/p>\n\n\n\n<h2 class=\"wp-block-heading\">L\u00d6YLY BAR, RESTAURANT, AND SAUNA<\/h2>\n\n\n\n<p><a href=\"https:\/\/www.loylyhelsinki.fi\/en\/\">L\u00f6yly <\/a>is one of the most popular things to see and do in Helsinki and the perfect setting for NordLOG &amp; Educators&#8217; Day participants to relax and wrap up their first day at the symposia or get ready for NOFOMA. In 2018, L\u00f6yly was among Time Magazine\u2019s <a rel=\"noreferrer noopener\" href=\"https:\/\/time.com\/collection\/worlds-greatest-places-2018\/\" target=\"_blank\">100 Best Places in the World<\/a>.<\/p>\n\n\n\n<figure class=\"wp-block-pullquote\"><blockquote><p>Sauna is an essential part of Finnish culture and the national identity. There are only 5.4 million Finns, but the country has 3.3 million saunas. L\u00f6yly is without a doubt one of the most popular public saunas in Helsinki \u2013 now you have the opportunity find out why.<\/p><\/blockquote><\/figure>\n\n\n\n<p><br><\/p>\n\n\n\n<p>Thursday 15  June at 17:30 -22:30  &#8211; <strong>Exhibition &amp; Dinner at Heureka Science Centre<\/strong><\/p>\n\n\n\n<p>The conference dinner on Thursday 15 June will take Nofoma participants by private bus to the <strong><a rel=\"noreferrer noopener\" href=\"https:\/\/www.heureka.fi\/?lang=en\" target=\"_blank\">Heureka Science Centre<\/a>  <\/strong>in Vantaa<strong>.<\/strong> <\/p>\n\n\n\n<p><strong>Bus departures 17:25 &amp; 17:30<\/strong> from Maarintie 8 to Heureka (approx 30 min drive).  The first bus will make stop at Hotell Radisson Blu Espoo and departs from<strong> there at 17:35.<\/strong><\/p>\n\n\n\n<p>Upon arrival to Heureka, you will have the great opportunity to visit the unique and topical <a rel=\"noreferrer noopener\" href=\"https:\/\/www.heureka.fi\/exhibition\/katastrofienkeskella\/?lang=en\" target=\"_blank\">exhibition <strong>Facing Disaster<\/strong><\/a><strong>.<\/strong> The exhibition lets visitors practise their crisis tolerance \u2013 resilience \u2013 in gamified exhibits and experience the forces of nature as audiovisual art installations. Our visit continues with an informal <strong>buffet dinner<\/strong> at the Heureka restaurant.<br>Bus transport back to <strong>Aalto Campus \/ Helsinki city centre<\/strong>\/Kamppi at 22:00 (approx 25 min drive).<br><\/p>\n\n\n\n<figure class=\"wp-block-image size-large\"><img loading=\"lazy\" decoding=\"async\" width=\"1024\" height=\"575\" src=\"https:\/\/blogs.aalto.fi\/nofoma2023\/files\/2023\/03\/Heureka_summer-1024x575.jpg\" alt=\"\" class=\"wp-image-316\" srcset=\"https:\/\/blogs.aalto.fi\/nofoma2023\/files\/2023\/03\/Heureka_summer-1024x575.jpg 1024w, https:\/\/blogs.aalto.fi\/nofoma2023\/files\/2023\/03\/Heureka_summer-300x168.jpg 300w, https:\/\/blogs.aalto.fi\/nofoma2023\/files\/2023\/03\/Heureka_summer-768x431.jpg 768w, https:\/\/blogs.aalto.fi\/nofoma2023\/files\/2023\/03\/Heureka_summer-1536x862.jpg 1536w, https:\/\/blogs.aalto.fi\/nofoma2023\/files\/2023\/03\/Heureka_summer-2048x1150.jpg 2048w, https:\/\/blogs.aalto.fi\/nofoma2023\/files\/2023\/03\/Heureka_summer-624x350.jpg 624w\" sizes=\"auto, (max-width: 1024px) 100vw, 1024px\" \/><figcaption>Heureka by summer<\/figcaption><\/figure>\n\n\n\n<div class=\"wp-block-media-text alignwide is-stacked-on-mobile\"><figure class=\"wp-block-media-text__media\"><img loading=\"lazy\" decoding=\"async\" width=\"511\" height=\"678\" src=\"https:\/\/blogs.aalto.fi\/nofoma2023\/files\/2023\/06\/Picture9.png\" alt=\"\" class=\"wp-image-468 size-full\" srcset=\"https:\/\/blogs.aalto.fi\/nofoma2023\/files\/2023\/06\/Picture9.png 511w, https:\/\/blogs.aalto.fi\/nofoma2023\/files\/2023\/06\/Picture9-226x300.png 226w\" sizes=\"auto, (max-width: 511px) 100vw, 511px\" \/><\/figure><div class=\"wp-block-media-text__content\">\n<p class=\"has-large-font-size\">Otaranta <br>departure point of Wed waterbus to L\u00f6yly<\/p>\n\n\n\n<p>Hotel Radisson SAS Espoo Otaniemi in yellow area.<\/p>\n<\/div><\/div>\n","protected":false},"excerpt":{"rendered":"<p>Make the most of your conference and join the social events \u2013 meet old and new colleagues! Wed 14 June at 17:00 &#8211; 21:00: Cruise &amp; Finnish Sauna evening at L\u00f6ylyHernesaarenranta 4, Helsinki We welcome all Nordlog, Educators\u2019 Day and NOFOMA participants to the pre-conference Get-together &amp; Networking event on Wednesday June 14. 16:30 Joint [&hellip;]<\/p>\n","protected":false},"author":961,"featured_media":0,"parent":0,"menu_order":0,"comment_status":"closed","ping_status":"closed","template":"","meta":{"footnotes":""},"class_list":["post-261","page","type-page","status-publish","hentry"],"_links":{"self":[{"href":"https:\/\/blogs.aalto.fi\/nofoma2023\/wp-json\/wp\/v2\/pages\/261","targetHints":{"allow":["GET"]}}],"collection":[{"href":"https:\/\/blogs.aalto.fi\/nofoma2023\/wp-json\/wp\/v2\/pages"}],"about":[{"href":"https:\/\/blogs.aalto.fi\/nofoma2023\/wp-json\/wp\/v2\/types\/page"}],"author":[{"embeddable":true,"href":"https:\/\/blogs.aalto.fi\/nofoma2023\/wp-json\/wp\/v2\/users\/961"}],"replies":[{"embeddable":true,"href":"https:\/\/blogs.aalto.fi\/nofoma2023\/wp-json\/wp\/v2\/comments?post=261"}],"version-history":[{"count":19,"href":"https:\/\/blogs.aalto.fi\/nofoma2023\/wp-json\/wp\/v2\/pages\/261\/revisions"}],"predecessor-version":[{"id":476,"href":"https:\/\/blogs.aalto.fi\/nofoma2023\/wp-json\/wp\/v2\/pages\/261\/revisions\/476"}],"wp:attachment":[{"href":"https:\/\/blogs.aalto.fi\/nofoma2023\/wp-json\/wp\/v2\/media?parent=261"}],"curies":[{"name":"wp","href":"https:\/\/api.w.org\/{rel}","templated":true}]}}