{"id":19,"date":"2022-11-18T10:35:56","date_gmt":"2022-11-18T10:35:56","guid":{"rendered":"https:\/\/blogs.aalto.fi\/nofoma2023\/?page_id=19"},"modified":"2023-05-03T12:13:48","modified_gmt":"2023-05-03T12:13:48","slug":"accommodation","status":"publish","type":"page","link":"https:\/\/blogs.aalto.fi\/nofoma2023\/accommodation\/","title":{"rendered":"Accommodation"},"content":{"rendered":"\n<ul class=\"wp-block-list\"><li>A quota of rooms for NOFOMA partcipants has been booked at <strong><a rel=\"noreferrer noopener\" href=\"https:\/\/www.radissonhotels.com\/en-us\/hotels\/radisson-blu-espoo?cid=a:se+b:gmb+c:emea+i:local+e:rdb+d:nob+h:FIHELESP\" target=\"_blank\">Radisson Blu Hotel Espoo<\/a><\/strong> (adjacent to Aalto University campus, ) and&nbsp; <strong><a href=\"https:\/\/www.sokoshotels.fi\/fi\/helsinki\/sokos-hotel-presidentti\">Sokos Hotel Presidentti<\/a><\/strong> (Helsinki city centre) on June 13-17. Early booking is recommended as Helsinki is a popular conference and tourist destination in June!<\/li><\/ul>\n\n\n\n<p>The allotment will be released after May 15, 2023.<\/p>\n\n\n\n<figure class=\"wp-block-table\"><table><tbody><tr><td><strong>Radisson Blu Hotel Espoo<br><\/strong>Otaranta 2, FIN- 02150 Espoo<br>t. +358 20 1234 705<br><strong>RESERVATIONS <\/strong>directly to the hotel by phone OR EMAIL,  <br>remember to mention the<strong> booking code <em>NOFOMA23<\/em><\/strong> upon reservation!<br><br><strong>Radisson Blu Hotels Central Sales Services<\/strong><br>Telephone: +358 300 870 010 \/ individual room reservations<br>E-mail: <a href=\"mailto:reservations.finland@radissonblu.com\">reservations.finland@radissonblu.com<\/a><br><\/td><td>Standard single room 132 EUR\/night<br>Standard double room 142 EUR\/night<\/td><\/tr><tr><td><br><strong>Original Sokos Hotel Presidentti<br><\/strong>Etel\u00e4inen Rautatiekatu 4, 00100 Helsinki<br>t. +358 20 1234 608<br><br><strong>RESERVATIONS <\/strong>directly to the hotel\u00a0by phone or email, <br>remember to mention the<strong> booking code <em>NOFOMA23<\/em><\/strong> upon reservation! <br><strong><strong>Sokos Hotels Sales services<\/strong><br><\/strong>Phone: +358 300 870 000 \/ individual room bookings<br>email: <a href=\"mailto:sokos.hotels@sok.fi\">sokos.hotels@sok.fi<\/a><br>* * * <br>Alternatively, <strong>Online booking<\/strong> is possible <strong>for Sokos Hotel Presidentti<\/strong><br>at <a href=\"https:\/\/www.sokoshotels.fi\/en\">www.sokoshotels.fi\/en<\/a> <strong> <\/strong><br><strong>PLEASE NOTE<\/strong> : Online Reservation code <strong>BNOFOMA23<\/strong><\/td><td>Standard single room 155 EUR\/night<br>Standard double room 175 EUR\/night<\/td><\/tr><\/tbody><\/table><\/figure>\n\n\n\n<p>Rates include breakfast buffet, Wi-Fi, VAT and guest sauna.<\/p>\n\n\n\n<p><\/p>\n\n\n\n<p><strong>Guarantee &amp; Payment<\/strong><br>All reservations are to be guaranteed by credit card upon booking. An individual booking from allotment can be canceled by 6 p.m local time. on the day of arrival, unless otherwise agreed. We primarily recommend making a reservation by phone or email. Kindly note that due to security reasons credit card details should not be sent via email. Guests pay individually, method of payment: cash or credit card.<\/p>\n\n\n\n<p><strong>Alternatively<\/strong><\/p>\n\n\n\n<p><strong>Sokos Hotels Heymo 1<\/strong>, Espoo offer affordable rooms approx. 10 minutes walk from the venue: <a href=\"https:\/\/www.sokoshotels.fi\/en\/espoo\/heymo-1\">https:\/\/www.sokoshotels.fi\/en\/espoo\/heymo-1<\/a><\/p>\n\n\n\n<figure class=\"wp-block-image\"><img decoding=\"async\" src=\"http:\/\/blogs.aalto.fi\/ncde2022\/files\/2022\/02\/toolotower.png\" alt=\"\" class=\"wp-image-70\" \/><\/figure>\n\n\n\n<p><strong>T\u00f6\u00f6l\u00f6 Towers, Pohjoinen Hesperiankatu 23 A<\/strong>, offers economy apartments and rooms including&nbsp;&nbsp; &nbsp;&nbsp; breakfast starting from 85 e \/ single room&nbsp; \/night.<br><strong>Book here<\/strong>&nbsp; <strong><a href=\"https:\/\/unihome.fi\/en\/properties\/toolo-towers\">T\u00f6\u00f6l\u00f6 Towers \u2013 Unihome<\/a> <\/strong>\u2013 use the code <strong>UNI23 and receive -10 % discount.<\/strong><\/p>\n\n\n\n<p>Good&nbsp; <strong>Airbnb<\/strong> homes are available in Helsink and Espoo.<\/p>\n\n\n\n<p><strong>Helsinki<\/strong><\/p>\n\n\n\n<p>If you wish to see some sights and experience Helsinki, the capitol city of Finland, then accommodation in the city center is recommended. Travel to the conference area at the Aalto University campus in Otaniemi, Espoo is convenient with the metro, so you may want to look at hotels close to metro stations.<\/p>\n\n\n\n<p>A map with all of the metro stations\/entrances can be found here:<\/p>\n\n\n\n<p><a href=\"https:\/\/www.google.com\/maps\/search\/helsinki+espoo+metro\/@60.1836723,24.824494,12.54z?hl=en\">https:\/\/www.google.com\/maps\/search\/helsinki+espoo+metro\/@60.1836723,24.824494,12.54z?hl=en<\/a><\/p>\n","protected":false},"excerpt":{"rendered":"<p>A quota of rooms for NOFOMA partcipants has been booked at Radisson Blu Hotel Espoo (adjacent to Aalto University campus, ) and&nbsp; Sokos Hotel Presidentti (Helsinki city centre) on June 13-17. Early booking is recommended as Helsinki is a popular conference and tourist destination in June! The allotment will be released after May 15, 2023. [&hellip;]<\/p>\n","protected":false},"author":961,"featured_media":0,"parent":0,"menu_order":0,"comment_status":"closed","ping_status":"closed","template":"","meta":{"footnotes":""},"class_list":["post-19","page","type-page","status-publish","hentry"],"_links":{"self":[{"href":"https:\/\/blogs.aalto.fi\/nofoma2023\/wp-json\/wp\/v2\/pages\/19","targetHints":{"allow":["GET"]}}],"collection":[{"href":"https:\/\/blogs.aalto.fi\/nofoma2023\/wp-json\/wp\/v2\/pages"}],"about":[{"href":"https:\/\/blogs.aalto.fi\/nofoma2023\/wp-json\/wp\/v2\/types\/page"}],"author":[{"embeddable":true,"href":"https:\/\/blogs.aalto.fi\/nofoma2023\/wp-json\/wp\/v2\/users\/961"}],"replies":[{"embeddable":true,"href":"https:\/\/blogs.aalto.fi\/nofoma2023\/wp-json\/wp\/v2\/comments?post=19"}],"version-history":[{"count":13,"href":"https:\/\/blogs.aalto.fi\/nofoma2023\/wp-json\/wp\/v2\/pages\/19\/revisions"}],"predecessor-version":[{"id":366,"href":"https:\/\/blogs.aalto.fi\/nofoma2023\/wp-json\/wp\/v2\/pages\/19\/revisions\/366"}],"wp:attachment":[{"href":"https:\/\/blogs.aalto.fi\/nofoma2023\/wp-json\/wp\/v2\/media?parent=19"}],"curies":[{"name":"wp","href":"https:\/\/api.w.org\/{rel}","templated":true}]}}