{"id":34,"date":"2022-02-02T08:47:45","date_gmt":"2022-02-02T08:47:45","guid":{"rendered":"https:\/\/blogs.aalto.fi\/ncde2022\/?page_id=34"},"modified":"2022-02-02T18:10:41","modified_gmt":"2022-02-02T18:10:41","slug":"accommodation","status":"publish","type":"page","link":"https:\/\/blogs.aalto.fi\/ncde2022\/accommodation\/","title":{"rendered":"Accommodation"},"content":{"rendered":"<p>A quota of rooms for NCDE 2022 partcipants has been booked at <b><a href=\"https:\/\/www.sokoshotels.fi\/fi\/helsinki\/sokos-hotel-albert\">Sokos<\/a><\/b><b><a href=\"https:\/\/www.sokoshotels.fi\/fi\/helsinki\/sokos-hotel-albert\"> Hotel Albert<\/a><\/b> and\u00a0 <b><a href=\"https:\/\/www.sokoshotels.fi\/fi\/helsinki\/sokos-hotel-presidentti\">Sokos<\/a><\/b><b><a href=\"https:\/\/www.sokoshotels.fi\/fi\/helsinki\/sokos-hotel-presidentti\"> Hotel <\/a><\/b><b><a href=\"https:\/\/www.sokoshotels.fi\/fi\/helsinki\/sokos-hotel-presidentti\">Presidentti<\/a><\/b> on June 14-16. Early booking is recommended as Helsinki is a popular conference and tourist destination in June!<\/p>\n<p>The allotment will be gradually released after May 3, 2022.<\/p>\n<table width=\"1065\">\n<tbody>\n<tr>\n<td width=\"274\"><strong>Original Sokos Hotel Albert<br \/>\n<\/strong>Albertinkatu 30<br \/>\nFIN- 00120 Helsinki<br \/>\nt. +358 20 1234 638<\/td>\n<td width=\"791\">Standard single room 122 EUR\/night<br \/>\nStandard double room 130 EUR\/night<\/td>\n<\/tr>\n<tr>\n<td width=\"274\"><strong>Original Sokos Hotel Presidentti<br \/>\n<\/strong>Etel\u00e4inen Rautatiekatu 4<br \/>\n00100 Helsinki<br \/>\nt. +358 20 1234 608<\/td>\n<td width=\"791\">Standard single room 140 EUR\/night<br \/>\nStandard double room 160 EUR\/night<\/td>\n<\/tr>\n<\/tbody>\n<\/table>\n<p>Rates include breakfast buffet, Wi-Fi, VAT and guest sauna.<\/p>\n<p><strong>RESERVATIONS <\/strong>directly to the hotels\u00a0by phone, email or online &#8211; remember to mention the<strong> booking code BNCDE22\u00a0 <\/strong>upon reservation!<\/p>\n<p><strong>Sokos Hotels Sales services<\/strong><br \/>\nPhone: +358 300 870 000 \/ <strong>individual<\/strong> <strong>room<\/strong> <strong>bookings<br \/>\n<\/strong>email: sokos.hotels@sok.fi<br \/>\nOnline: <a href=\"https:\/\/www.sokoshotels.fi\/en\">https:\/\/www.sokoshotels.fi\/en<\/a><\/p>\n<p><strong>Guarantee &amp; Payment<\/strong><br \/>\nAll reservations are to be guaranteed by credit card upon booking. An individual booking from allotment can be canceled by 6 p.m local time. on the day of arrival, unless otherwise agreed. We primarily recommend making a reservation by phone or online. Kindly note that due to security reasons credit card details should not be sent via email.<\/p>\n<p>Guests pay individually, method of payment: cash or credit card.<\/p>\n<p>Alternatively<\/p>\n<p><strong><a href=\"https:\/\/unihome.fi\/kohteet\/toolo-towers\">T\u00f6\u00f6l\u00f6 Towers<\/a>, <a href=\"https:\/\/goo.gl\/maps\/39KJQtPmcZ2TGJkq8\">Pohjoinen<\/a> <a href=\"https:\/\/goo.gl\/maps\/39KJQtPmcZ2TGJkq8\">Hesperiankatu<\/a><a href=\"https:\/\/goo.gl\/maps\/39KJQtPmcZ2TGJkq8\"> 23 A<\/a><\/strong>, offers economy apartments and rooms including\u00a0\u00a0 \u00a0\u00a0 breakfast starting from 85 e \/ single room\u00a0 \/night.<img loading=\"lazy\" decoding=\"async\" class=\"alignright size-full wp-image-70\" src=\"http:\/\/blogs.aalto.fi\/ncde2022\/files\/2022\/02\/toolotower.png\" alt=\"\" width=\"423\" height=\"249\" \/><br \/>\n<strong>Book here<\/strong>\u00a0 <strong><a href=\"https:\/\/unihome.fi\/en\/properties\/toolo-towers\">T\u00f6\u00f6l\u00f6 Towers \u2013 <\/a><a href=\"https:\/\/unihome.fi\/en\/properties\/toolo-towers\">Unihome<\/a> <\/strong>\u2013 use the code <strong>UNI22 and receive -10 % discount.<\/strong><\/p>\n<p>Alternatively<\/p>\n<p>Good\u00a0 <strong>Airbnb<\/strong> homes are available in Helsink and Espoo.<\/p>\n","protected":false},"excerpt":{"rendered":"<p>A quota of rooms for NCDE 2022 partcipants has been booked at Sokos Hotel Albert and\u00a0 Sokos Hotel Presidentti on June 14-16. Early booking is recommended as Helsinki is a popular conference and tourist destination in June! The allotment will be gradually released after May 3, 2022. Original Sokos Hotel Albert Albertinkatu 30 FIN- 00120 [&hellip;]<\/p>\n","protected":false},"author":961,"featured_media":0,"parent":0,"menu_order":0,"comment_status":"closed","ping_status":"closed","template":"","meta":{"footnotes":""},"class_list":["post-34","page","type-page","status-publish","hentry"],"_links":{"self":[{"href":"https:\/\/blogs.aalto.fi\/ncde2022\/wp-json\/wp\/v2\/pages\/34","targetHints":{"allow":["GET"]}}],"collection":[{"href":"https:\/\/blogs.aalto.fi\/ncde2022\/wp-json\/wp\/v2\/pages"}],"about":[{"href":"https:\/\/blogs.aalto.fi\/ncde2022\/wp-json\/wp\/v2\/types\/page"}],"author":[{"embeddable":true,"href":"https:\/\/blogs.aalto.fi\/ncde2022\/wp-json\/wp\/v2\/users\/961"}],"replies":[{"embeddable":true,"href":"https:\/\/blogs.aalto.fi\/ncde2022\/wp-json\/wp\/v2\/comments?post=34"}],"version-history":[{"count":15,"href":"https:\/\/blogs.aalto.fi\/ncde2022\/wp-json\/wp\/v2\/pages\/34\/revisions"}],"predecessor-version":[{"id":107,"href":"https:\/\/blogs.aalto.fi\/ncde2022\/wp-json\/wp\/v2\/pages\/34\/revisions\/107"}],"wp:attachment":[{"href":"https:\/\/blogs.aalto.fi\/ncde2022\/wp-json\/wp\/v2\/media?parent=34"}],"curies":[{"name":"wp","href":"https:\/\/api.w.org\/{rel}","templated":true}]}}