{"id":2,"date":"2022-06-01T11:24:47","date_gmt":"2022-06-01T11:24:47","guid":{"rendered":"https:\/\/blogs.aalto.fi\/lifewidewat\/?page_id=2"},"modified":"2024-06-17T08:21:26","modified_gmt":"2024-06-17T08:21:26","slug":"sample-page","status":"publish","type":"page","link":"https:\/\/blogs.aalto.fi\/lifewidewat\/sample-page\/","title":{"rendered":"Life wide WAT?"},"content":{"rendered":"<p><span class=\"NormalTextRun SCXW148261577 BCX0\">Aiempi WAT-kehityshanke (2016-2020) vahvisti WAT-maisteriohjelman ensiaskeleita\u00a0<\/span><span class=\"NormalTextRun SCXW148261577 BCX0\">nostamalla esiin uusia kehityskohteita, josta selvisi tarve vahvistaa opiskelijoiden ymm\u00e4rryst\u00e4 tarpeellisista ty\u00f6el\u00e4m\u00e4taidoista, millaista ty\u00f6t\u00e4\u00a0<\/span><span class=\"NormalTextRun SCXW148261577 BCX0\">alalla on ja miten ammatti-identiteetin kehittymist\u00e4 voitaisiin tukea paremmin\u00a0<\/span><span class=\"NormalTextRun SpellingErrorV2Themed SCXW148261577 BCX0\">WAT<\/span><span class=\"NormalTextRun SpellingErrorV2Themed SCXW148261577 BCX0\">:<\/span><span class=\"NormalTextRun SpellingErrorV2Themed SCXW148261577 BCX0\">issa<\/span><span class=\"NormalTextRun SCXW148261577 BCX0\">.<\/span><\/p>\n<p><span class=\"NormalTextRun SpellingErrorV2Themed SCXW220224833 BCX0\">WAT<\/span><span class=\"NormalTextRun SpellingErrorV2Themed SCXW220224833 BCX0\">:<\/span><span class=\"NormalTextRun SpellingErrorV2Themed SCXW220224833 BCX0\">i<\/span><span class=\"NormalTextRun SpellingErrorV2Themed SCXW220224833 BCX0\">n<\/span>\u00a0<span class=\"NormalTextRun SCXW220224833 BCX0\">kehityskohtiin<\/span><span class=\"NormalTextRun SCXW220224833 BCX0\">\u00a0vastaa Life Wide WAT \u2013hanke, joka on maisteriohjelman uusi, Maa- ja vesitekniikan tuki ry:n rahoittama.\u00a0<\/span><span class=\"NormalTextRun SpellingErrorV2Themed SCXW220224833 BCX0\">WAT<\/span><span class=\"NormalTextRun SpellingErrorV2Themed SCXW220224833 BCX0\">:<\/span><span class=\"NormalTextRun SpellingErrorV2Themed SCXW220224833 BCX0\">in<\/span><span class=\"NormalTextRun SCXW220224833 BCX0\">\u00a0kehityskohteiden lis\u00e4ksi Aallon uusi strategia sek\u00e4 ty\u00f6el\u00e4m\u00e4n muutokset ja opiskelun muuttuminen vaativat jatkuvaa maisteriohjelman kehitysty\u00f6t\u00e4, jotka on huomioitu my\u00f6s kehityshankkeessa. Niinp\u00e4 hanke kokeilee\u00a0<\/span><span class=\"NormalTextRun SpellingErrorV2Themed SCXW220224833 BCX0\">WAT<\/span><span class=\"NormalTextRun SpellingErrorV2Themed SCXW220224833 BCX0\">:<\/span><span class=\"NormalTextRun SpellingErrorV2Themed SCXW220224833 BCX0\">in<\/span><span class=\"NormalTextRun SCXW220224833 BCX0\">\u00a0kehityksen lis\u00e4ksi samalla keinoja, joid<\/span><span class=\"NormalTextRun SCXW220224833 BCX0\">en kautta Aalto-yliopiston strategisia teemoja: yritt\u00e4j\u00e4m\u00e4ist\u00e4 ajattelua, radikaalia luovuutta ja kest\u00e4vien ratkaisujen tuottamista.<\/span><span class=\"NormalTextRun SCXW220224833 BCX0\">\u00a0N\u00e4in v<\/span><span class=\"NormalTextRun SCXW220224833 BCX0\">esiala toimii edell\u00e4k\u00e4vij\u00e4n\u00e4 Aallon opetuksen kehitt\u00e4misess\u00e4.<\/span><\/p>\n<p><img loading=\"lazy\" decoding=\"async\" class=\"wp-image-29 alignnone\" src=\"http:\/\/blogs.aalto.fi\/lifewidewat\/files\/2022\/09\/Mindmap-artikkeli-4-788x788.png\" alt=\"\" width=\"438\" height=\"438\" srcset=\"https:\/\/blogs.aalto.fi\/lifewidewat\/files\/2022\/09\/Mindmap-artikkeli-4-788x788.png 788w, https:\/\/blogs.aalto.fi\/lifewidewat\/files\/2022\/09\/Mindmap-artikkeli-4-362x362.png 362w, https:\/\/blogs.aalto.fi\/lifewidewat\/files\/2022\/09\/Mindmap-artikkeli-4-768x768.png 768w, https:\/\/blogs.aalto.fi\/lifewidewat\/files\/2022\/09\/Mindmap-artikkeli-4-300x300.png 300w, https:\/\/blogs.aalto.fi\/lifewidewat\/files\/2022\/09\/Mindmap-artikkeli-4.png 1080w\" sizes=\"auto, (max-width: 438px) 100vw, 438px\" \/><\/p>\n<p>Kuva: Osama El Asri, 2022<\/p>\n<p><span class=\"NormalTextRun SCXW173172854 BCX0\">Hankkeen toiminta kietoutuu uuden WAT-projektikurssin ymp\u00e4rille, johon kutsutaan WAT-<\/span><span class=\"NormalTextRun SCXW173172854 BCX0\">maisteri<\/span><span class=\"NormalTextRun SCXW173172854 BCX0\">ohjelma<\/span><span class=\"NormalTextRun SCXW173172854 BCX0\">n alumneja ja muita nuoria ty\u00f6el\u00e4m\u00e4toimijoita ohjaamaan opiskelijaryhmien ongelmanratkaisua. Projektik<\/span><span class=\"NormalTextRun SCXW173172854 BCX0\">urssin lis\u00e4ksi hankkeessa kehitet\u00e4\u00e4n muun muassa\u00a0<\/span><span class=\"NormalTextRun SpellingErrorV2Themed SCXW173172854 BCX0\">WAT<\/span><span class=\"NormalTextRun SpellingErrorV2Themed SCXW173172854 BCX0\">:<\/span><span class=\"NormalTextRun SpellingErrorV2Themed SCXW173172854 BCX0\">in<\/span><span class=\"NormalTextRun SCXW173172854 BCX0\">\u00a0alumnitoimintaa ja j\u00e4rjestet\u00e4\u00e4n tapahtumia ty\u00f6el\u00e4m\u00e4toimijoiden kanssa.<\/span><\/p>\n<p><span class=\"TextRun SCXW220224833 BCX0\" lang=\"FI-FI\" xml:lang=\"FI-FI\" data-contrast=\"none\"><span class=\"NormalTextRun SCXW220224833 BCX0\"><a href=\"https:\/\/lifewidelearning.aalto.fi\/\">Aallon Life Wide Learning-sivuilta<\/a>\u00a0saa lis\u00e4tietoa Aallon laajuisesta LWL-toiminnasta.<\/span><\/span><\/p>\n<h1>Life Wide WAT?<\/h1>\n<p>The previous WAT development project (2016-2020) strengthened the first steps of the WAT master&#8217;s program by highlighting new development targets, which revealed the need to strengthen students&#8217; understanding of the necessary working life skills, what kind of work there is in the field and how the development of professional identity could be better supported in WATs.<\/p>\n<p>The Life Wide WAT project, which is new to the master&#8217;s program and funded by Maa- ja vesitekniikka tuki ry, is responsible for WAT&#8217;s development points. In addition to WAT&#8217;s development targets, Aalto&#8217;s new strategy as well as changes in working life and changes in studying require continuous master&#8217;s program development work, which is also taken into account in the development project. Therefore, in addition to the development of WAT, the project is also experimenting with means through which Aalto University&#8217;s strategic themes: entrepreneurial thinking, radical creativity and the production of sustainable solutions. This is how the water sector acts as a pioneer in the development of Aalto&#8217;s teaching.<\/p>\n<p>The project&#8217;s activities are wrapped around the new WAT project course, where alumni of the WAT master&#8217;s program and other young professionals are invited to guide the problem solving of student groups. In addition to the project course, the project develops, among other things, WAT&#8217;s alumni activities and organizes events with working life actors.<\/p>\n<p>On <a href=\"https:\/\/lifewidelearning.aalto.fi\/en#\/\">Aalto&#8217;s Life Wide Learning pages<\/a>, you can get more information about Aalto&#8217;s wide-ranging LWL activities.<\/p>\n<h1>Life Wide WAT -team<\/h1>\n<h3><span data-contrast=\"none\">Meeri Karvinen<\/span><span data-ccp-props=\"{&quot;201341983&quot;:0,&quot;335559739&quot;:0,&quot;335559740&quot;:259}\">\u00a0<\/span><\/h3>\n<h3><span data-contrast=\"none\">Koordinaattori, Life wide WAT -hanke, Aalto-yliopisto<\/span><span data-ccp-props=\"{&quot;201341983&quot;:0,&quot;335559739&quot;:0,&quot;335559740&quot;:259}\">\u00a0<\/span><\/h3>\n<h3>coordinator, life wide wat -project, aalto university<br \/>\n<a href=\"mailto:meeri.karvinen@aalto.fi\"><span data-contrast=\"none\">meeri.karvinen@aalto.fi<\/span><\/a><span data-ccp-props=\"{&quot;201341983&quot;:0,&quot;335559739&quot;:0,&quot;335559740&quot;:259}\">\u00a0<\/span><\/h3>\n<p><img loading=\"lazy\" decoding=\"async\" class=\"alignnone  wp-image-119\" src=\"http:\/\/blogs.aalto.fi\/lifewidewat\/files\/2024\/06\/Smaller2_AaltoPeople-731x788.jpg\" alt=\"\" width=\"153\" height=\"165\" srcset=\"https:\/\/blogs.aalto.fi\/lifewidewat\/files\/2024\/06\/Smaller2_AaltoPeople-731x788.jpg 731w, https:\/\/blogs.aalto.fi\/lifewidewat\/files\/2024\/06\/Smaller2_AaltoPeople-1057x1140.jpg 1057w, https:\/\/blogs.aalto.fi\/lifewidewat\/files\/2024\/06\/Smaller2_AaltoPeople-768x828.jpg 768w, https:\/\/blogs.aalto.fi\/lifewidewat\/files\/2024\/06\/Smaller2_AaltoPeople-1424x1536.jpg 1424w, https:\/\/blogs.aalto.fi\/lifewidewat\/files\/2024\/06\/Smaller2_AaltoPeople-1899x2048.jpg 1899w, https:\/\/blogs.aalto.fi\/lifewidewat\/files\/2024\/06\/Smaller2_AaltoPeople-278x300.jpg 278w\" sizes=\"auto, (max-width: 153px) 100vw, 153px\" \/><\/p>\n<h3><\/h3>\n<h3><span data-contrast=\"none\">Marko Keskinen<\/span><span data-ccp-props=\"{&quot;201341983&quot;:0,&quot;335559739&quot;:0,&quot;335559740&quot;:259}\">\u00a0<\/span><\/h3>\n<h3><span data-contrast=\"none\">Professori, WAT-maisteriohjelman johtaja, Aalto-yliopisto<\/span><span data-ccp-props=\"{&quot;201341983&quot;:0,&quot;335559739&quot;:0,&quot;335559740&quot;:259}\">\u00a0<\/span><\/h3>\n<h3>Professor, director of the WAT master&#8217;s program, Aalto University<\/h3>\n<h3><a href=\"mailto:marko.keskinen@aalto.fi\"><span data-contrast=\"none\">marko.keskinen@aalto.fi<\/span><\/a><span data-ccp-props=\"{&quot;201341983&quot;:0,&quot;335559739&quot;:0,&quot;335559740&quot;:259}\">\u00a0<\/span><\/h3>\n<p><img loading=\"lazy\" decoding=\"async\" class=\"alignnone wp-image-49\" src=\"http:\/\/blogs.aalto.fi\/lifewidewat\/files\/2022\/10\/Marko-Keskinen2041.jpg\" alt=\"\" width=\"172\" height=\"225\" \/><\/p>\n<h3><\/h3>\n<h3>Former membErs (2021-2022)<\/h3>\n<h3><span data-contrast=\"none\">Osama El Asri<\/span><span data-ccp-props=\"{&quot;201341983&quot;:0,&quot;335559739&quot;:0,&quot;335559740&quot;:259}\">\u00a0<\/span><\/h3>\n<h3><span data-contrast=\"none\">Tutkimusavustaja<\/span><\/h3>\n<h3>Research assistant<\/h3>\n<h3><a href=\"mailto:osama.elasri@aalto.fi\"><span data-contrast=\"none\">osama.elasri@aalto.fi<\/span><\/a><span data-ccp-props=\"{&quot;201341983&quot;:0,&quot;335559739&quot;:0,&quot;335559740&quot;:259}\">\u00a0<\/span><\/h3>\n<h3><\/h3>\n<h3><span data-contrast=\"none\">Suvi Ojala<\/span><span data-ccp-props=\"{&quot;201341983&quot;:0,&quot;335559739&quot;:0,&quot;335559740&quot;:259}\">\u00a0<\/span><\/h3>\n<h3><span data-contrast=\"none\">Tutkimusavustaja<\/span><span data-ccp-props=\"{&quot;201341983&quot;:0,&quot;335559739&quot;:0,&quot;335559740&quot;:259}\">\u00a0<\/span><\/h3>\n<h3>Research assistant<\/h3>\n<h3><a href=\"mailto:suvi.j.ojala@aalto.fi\"><span data-contrast=\"none\">suvi.j.ojala@aalto.fi<\/span><span data-ccp-props=\"{&quot;201341983&quot;:0,&quot;335559739&quot;:0,&quot;335559740&quot;:259}\">\u00a0<\/span><\/a><\/h3>\n<h3><\/h3>\n<h3><\/h3>\n","protected":false},"excerpt":{"rendered":"<p>Aiempi WAT-kehityshanke (2016-2020) vahvisti WAT-maisteriohjelman ensiaskeleita\u00a0nostamalla esiin uusia kehityskohteita, josta selvisi tarve vahvistaa opiskelijoiden ymm\u00e4rryst\u00e4 tarpeellisista ty\u00f6el\u00e4m\u00e4taidoista, millaista ty\u00f6t\u00e4\u00a0alalla on ja miten ammatti-identiteetin kehittymist\u00e4 voitaisiin tukea paremmin\u00a0WAT:issa. WAT:in\u00a0kehityskohtiin\u00a0vastaa Life Wide WAT \u2013hanke, joka on maisteriohjelman uusi, Maa- ja vesitekniikan tuki &hellip; <a href=\"https:\/\/blogs.aalto.fi\/lifewidewat\/sample-page\/\">Continue reading <span class=\"meta-nav\">&rarr;<\/span><\/a><\/p>\n","protected":false},"author":2132,"featured_media":0,"parent":0,"menu_order":0,"comment_status":"closed","ping_status":"open","template":"","meta":{"footnotes":""},"class_list":["post-2","page","type-page","status-publish","hentry"],"_links":{"self":[{"href":"https:\/\/blogs.aalto.fi\/lifewidewat\/wp-json\/wp\/v2\/pages\/2","targetHints":{"allow":["GET"]}}],"collection":[{"href":"https:\/\/blogs.aalto.fi\/lifewidewat\/wp-json\/wp\/v2\/pages"}],"about":[{"href":"https:\/\/blogs.aalto.fi\/lifewidewat\/wp-json\/wp\/v2\/types\/page"}],"author":[{"embeddable":true,"href":"https:\/\/blogs.aalto.fi\/lifewidewat\/wp-json\/wp\/v2\/users\/2132"}],"replies":[{"embeddable":true,"href":"https:\/\/blogs.aalto.fi\/lifewidewat\/wp-json\/wp\/v2\/comments?post=2"}],"version-history":[{"count":10,"href":"https:\/\/blogs.aalto.fi\/lifewidewat\/wp-json\/wp\/v2\/pages\/2\/revisions"}],"predecessor-version":[{"id":122,"href":"https:\/\/blogs.aalto.fi\/lifewidewat\/wp-json\/wp\/v2\/pages\/2\/revisions\/122"}],"wp:attachment":[{"href":"https:\/\/blogs.aalto.fi\/lifewidewat\/wp-json\/wp\/v2\/media?parent=2"}],"curies":[{"name":"wp","href":"https:\/\/api.w.org\/{rel}","templated":true}]}}