{"id":30,"date":"2023-10-18T15:41:43","date_gmt":"2023-10-18T15:41:43","guid":{"rendered":"https:\/\/blogs.aalto.fi\/icbem2024\/?page_id=30"},"modified":"2024-03-06T08:09:49","modified_gmt":"2024-03-06T08:09:49","slug":"accomodation","status":"publish","type":"page","link":"https:\/\/blogs.aalto.fi\/icbem2024\/accomodation\/","title":{"rendered":"Accommodation"},"content":{"rendered":"\n<p>A quota of rooms for ICBEM 2024 partcipants has been booked at <strong><a rel=\"noreferrer noopener\" href=\"https:\/\/www.radissonhotels.com\/en-us\/hotels\/radisson-blu-espoo?cid=a:se+b:gmb+c:emea+i:local+e:rdb+d:nob+h:FIHELESP\" target=\"_blank\">Radisson Blu Hotel Espoo<\/a><\/strong> (5-10 min walk to venue),  <strong><a rel=\"noreferrer noopener\" href=\"https:\/\/www.sokoshotels.fi\/en\/espoo\/sokos-hotel-tapiola-garden\" target=\"_blank\">Original Sokos Hotel Tapiola Garden<\/a><\/strong> (3 km to venue),   <strong><a rel=\"noreferrer noopener\" href=\"https:\/\/www.sokoshotels.fi\/fi\/espoo\/heymo-1\" target=\"_blank\">Heymo.1 by Sokos Hotels<\/a><\/strong> (low budget hotel, 15 min walk to venue) and&nbsp; <strong><a href=\"https:\/\/www.sokoshotels.fi\/fi\/helsinki\/sokos-hotel-presidentti\">Sokos Hotel Presidentti<\/a><\/strong> (city centre, 15 min metro + 10 min walk to venue) between May 28 and June 2, 2024.  Early booking is recommended as Helsinki is a popular conference and tourist destination in May and June!<\/p>\n\n\n\n<p>The allotment will be released after<strong> <\/strong>May 14<strong>,<\/strong> 2024.<\/p>\n\n\n\n<figure class=\"wp-block-table\"><table><tbody><tr><td><strong><a rel=\"noreferrer noopener\" href=\"https:\/\/www.radissonhotels.com\/en-us\/hotels\/radisson-blu-espoo\" data-type=\"URL\" data-id=\"https:\/\/www.radissonhotels.com\/en-us\/hotels\/radisson-blu-espoo\" target=\"_blank\">Radisson Blu Hotel Espoo<\/a><br><\/strong>Otaranta 2, FIN- 02150 Espoo, t. +358 20 1234 705<br><br>Reservations can be made by phone  +358 300 870 010 \/ individual room reservations, booking code BICBEM<br>OR<br>by email to <a href=\"mailto:reservations.finland@radissonblu.com\">reservations.finland@radissonblu.com<\/a>  <br>Booking code BICBEM<br><br>OR <br>online booking <a href=\"http:\/\/www.radissonhotels.com\/fi-fi\/\">http:\/\/www.radissonhotels.com\/fi-fi\/<\/a><br>Booking code AICBEM<br><\/td><td>Standard single room 145  EUR\/night<br>Standard double room 156 EUR\/night<\/td><\/tr><tr><td><strong><a rel=\"noreferrer noopener\" href=\"https:\/\/www.sokoshotels.fi\/en\/helsinki\/sokos-hotel-presidentti\" target=\"_blank\">Original Sokos Hotel Presidentti<\/a><br><\/strong>Etel\u00e4inen Rautatiekatu 4, 00100 Helsinki<br>t. +358 20 1234 608<br><br>Reservations can be made by email or phone<br><strong>Sokos Hotels Sales services<\/strong><br>Phone: +358 300 870 000 \/ <strong>individual<\/strong> <strong>room<\/strong> <strong>reservations<br><\/strong>Email: sokos.hotels@sok.fi \/ Booking code BICBEM<br><br>OR<br><strong>Online booking<\/strong>: <a href=\"http:\/\/www.sokoshotels.fi\/en\" data-type=\"URL\" data-id=\"www.sokoshotels.fi\/en\">www.sokoshotels.fi\/en<\/a> &#8211;<br>Booking code BICBEM<\/td><td>Standard single room 148 EUR\/night<br>Standard double room 168 EUR\/night<\/td><\/tr><tr><td><strong><a rel=\"noreferrer noopener\" href=\"https:\/\/www.sokoshotels.fi\/en\/espoo\/sokos-hotel-tapiola-garden\" target=\"_blank\">Original Sokos Hotel Tapiola Garden<\/a><\/strong><br>Tapionaukio 3, FIN- 02100 Espoo,t. +358 20 1234 616<br><br>Reservations can be made by email or phone<br><strong>So<\/strong>Reservations can be made by email or phone<br><strong>Sokos Hotels Sales services<\/strong><br>Phone: +358 300 870 000 \/ <strong>individual<\/strong> <strong>room<\/strong> <strong>reservations<br><\/strong>Email: sokos.hotels@sok.fi \/ Booking code BICBEM<br><br>OR<br><strong>Online booking<\/strong>: <a href=\"http:\/\/www.sokoshotels.fi\/en\" data-type=\"URL\" data-id=\"www.sokoshotels.fi\/en\">www.sokoshotels.fi\/en<\/a> <br>Booking code BICBEM<br><\/td><td>Standard single room 145 EUR\/night<br>Standard double room 167 EUR\/night <\/td><\/tr><tr><td><strong><a rel=\"noreferrer noopener\" href=\"https:\/\/www.sokoshotels.fi\/fi\/espoo\/heymo-1\" target=\"_blank\">Heymo.1 by Sokos Hotels<\/a><\/strong><br>Miestentie 5, 02150 Espoo, p. +358 20 1234 201<br><strong>Sokos Hotels Sales services<\/strong><br>Phone: +358 300 870 000 \/ <strong>individual<\/strong> <strong>room<\/strong> <strong>reservations<br><\/strong>Email: sokos.hotels@sok.fi \/ Booking code BICBEM<br><br>OR<br><strong>Online booking<\/strong>: <a href=\"http:\/\/www.sokoshotels.fi\/en\">www.sokoshotels.fi\/en<\/a><br>Booking code BICBEM<\/td><td>Standard single room 104 EUR\/night<br>Standard double room 124 EUR\/night  <br><\/td><\/tr><\/tbody><\/table><\/figure>\n\n\n\n<p>Rates include breakfast buffet, Wi-Fi, VAT and guest sauna.<\/p>\n\n\n\n<p><strong>Guarantee &amp; Payment<\/strong><br>All reservations are to be guaranteed by credit card upon booking. An individual booking from allotment can be canceled by 6 p.m local time. on the day of arrival, unless otherwise agreed. We primarily recommend making a reservation by phone or email. Kindly note that due to security reasons credit card details should not be sent via email. Guests pay individually, method of payment: cash or credit card.<\/p>\n\n\n\n<p><strong>Alternatively<\/strong><\/p>\n\n\n\n<figure class=\"wp-block-image\"><img decoding=\"async\" src=\"http:\/\/blogs.aalto.fi\/ncde2022\/files\/2022\/02\/toolotower.png\" alt=\"\" class=\"wp-image-70\" \/><\/figure>\n\n\n\n<p><strong>T\u00f6\u00f6l\u00f6 Towers, Pohjoinen Hesperiankatu 23 A<\/strong>, offers economy apartments and rooms including&nbsp;&nbsp; &nbsp;&nbsp; breakfast starting from 85 e \/ single room&nbsp; \/night.<br><strong>Book here<\/strong>&nbsp; <strong><a href=\"https:\/\/unihome.fi\/en\/properties\/toolo-towers\">T\u00f6\u00f6l\u00f6 Towers \u2013 Unihome<\/a> <\/strong>\u2013 use the code <strong>UNI24<\/strong> (TBC)<strong> and receive -10 % discount.<\/strong><\/p>\n\n\n\n<p>Good&nbsp; <strong>Airbnb<\/strong> homes are available in Helsink and Espoo.<\/p>\n\n\n\n<figure class=\"wp-block-image size-full\"><img decoding=\"async\" src=\"http:\/\/blogs.aalto.fi\/ada2024\/files\/2023\/02\/naytos13_meri_karhu-37_Original.jpg\" alt=\"\" class=\"wp-image-7\" \/><\/figure>\n\n\n\n<p><sup>Photo Aalto University Meri Karhu<\/sup><\/p>\n","protected":false},"excerpt":{"rendered":"<p>A quota of rooms for ICBEM 2024 partcipants has been booked at Radisson Blu Hotel Espoo (5-10 min walk to venue), Original Sokos Hotel Tapiola Garden (3 km to venue), Heymo.1 by Sokos Hotels (low budget hotel, 15 min walk to venue) and&nbsp; Sokos Hotel Presidentti (city centre, 15 min metro + 10 min walk [&hellip;]<\/p>\n","protected":false},"author":961,"featured_media":0,"parent":0,"menu_order":0,"comment_status":"closed","ping_status":"closed","template":"","meta":{"footnotes":""},"class_list":["post-30","page","type-page","status-publish","hentry"],"_links":{"self":[{"href":"https:\/\/blogs.aalto.fi\/icbem2024\/wp-json\/wp\/v2\/pages\/30","targetHints":{"allow":["GET"]}}],"collection":[{"href":"https:\/\/blogs.aalto.fi\/icbem2024\/wp-json\/wp\/v2\/pages"}],"about":[{"href":"https:\/\/blogs.aalto.fi\/icbem2024\/wp-json\/wp\/v2\/types\/page"}],"author":[{"embeddable":true,"href":"https:\/\/blogs.aalto.fi\/icbem2024\/wp-json\/wp\/v2\/users\/961"}],"replies":[{"embeddable":true,"href":"https:\/\/blogs.aalto.fi\/icbem2024\/wp-json\/wp\/v2\/comments?post=30"}],"version-history":[{"count":6,"href":"https:\/\/blogs.aalto.fi\/icbem2024\/wp-json\/wp\/v2\/pages\/30\/revisions"}],"predecessor-version":[{"id":325,"href":"https:\/\/blogs.aalto.fi\/icbem2024\/wp-json\/wp\/v2\/pages\/30\/revisions\/325"}],"wp:attachment":[{"href":"https:\/\/blogs.aalto.fi\/icbem2024\/wp-json\/wp\/v2\/media?parent=30"}],"curies":[{"name":"wp","href":"https:\/\/api.w.org\/{rel}","templated":true}]}}