{"id":1516,"date":"2025-08-19T07:27:59","date_gmt":"2025-08-19T07:27:59","guid":{"rendered":"https:\/\/blogs.aalto.fi\/diemseminars\/?page_id=1516"},"modified":"2025-10-21T05:59:37","modified_gmt":"2025-10-21T05:59:37","slug":"ruska-2025","status":"publish","type":"page","link":"https:\/\/blogs.aalto.fi\/diemseminars\/ruska-2025\/","title":{"rendered":"RUSKA 2025"},"content":{"rendered":"\n<figure class=\"wp-block-image size-large\"><img loading=\"lazy\" decoding=\"async\" width=\"1140\" height=\"484\" src=\"https:\/\/blogs.aalto.fi\/diemseminars\/files\/2025\/08\/unnamed-1140x484.jpg\" alt=\"\" class=\"wp-image-1521\" srcset=\"https:\/\/blogs.aalto.fi\/diemseminars\/files\/2025\/08\/unnamed-1140x484.jpg 1140w, https:\/\/blogs.aalto.fi\/diemseminars\/files\/2025\/08\/unnamed-788x334.jpg 788w, https:\/\/blogs.aalto.fi\/diemseminars\/files\/2025\/08\/unnamed-768x326.jpg 768w, https:\/\/blogs.aalto.fi\/diemseminars\/files\/2025\/08\/unnamed-680x289.jpg 680w, https:\/\/blogs.aalto.fi\/diemseminars\/files\/2025\/08\/unnamed.jpg 1360w\" sizes=\"auto, (max-width: 1140px) 100vw, 1140px\" \/><\/figure>\n\n\n\n<p><strong>WHAT? <\/strong>RUSKA 2025 \u2013 A day for TUTA Research, Teaching and Impact<br><strong>WHEN?<\/strong> Wednesday October 22, 2025 from 8:45 to 16:00<br><strong>WHERE?<\/strong> Olympic Stadium&nbsp;in Helsinki,&nbsp;Paavo Nurmen tie 1<br><strong>WHO? <\/strong>All members of TUTA Staff, Faculty including Researchers, Professors, Post docs and Docents and Doctoral researchers.<\/p>\n\n\n\n<h5 class=\"wp-block-heading has-text-align-center\">Welcome to <strong>RUSKA research day Vol 9 on Wednesday 22 October 8:30-16:00<\/strong> &#8211; <strong>A Day for TUTA Research, Teaching, and Impact<\/strong>. This year we will spend a day at the iconic <a href=\"https:\/\/www.stadion.fi\/\">Olympic Stadion<\/a> in Helsinki.<\/h5>\n\n\n\n<hr class=\"wp-block-separator has-alpha-channel-opacity\" \/>\n\n\n\n<p><strong>Arrival to the Olympic Stadium <\/strong>&#8211; please enter through the <strong>Visitor Centre <\/strong>right by the Tower. From there you will find signs to our meeting room 1952 (section A). <br><a href=\"https:\/\/www.stadion.fi\/en\/info\/arriving-olympic-stadium\">Arriving to the Olympic Stadium | Olympiastadion<\/a>. If you arrive by car, with good luck you can find free spaces at the &#8220;Tornipiha&#8221; close to our entrance. More parking spaces are on Urheilukatu, M\u00e4ntym\u00e4en kentt\u00e4, in front of T\u00f6\u00f6l\u00f6n kisahalli. All spaces are chargeable.<\/p>\n\n\n\n<figure class=\"wp-block-image size-full\"><img loading=\"lazy\" decoding=\"async\" width=\"1024\" height=\"715\" src=\"https:\/\/blogs.aalto.fi\/diemseminars\/files\/2025\/10\/OLY-vuokralaisten-aluekartta-FI-EN.png\" alt=\"\" class=\"wp-image-1566\" srcset=\"https:\/\/blogs.aalto.fi\/diemseminars\/files\/2025\/10\/OLY-vuokralaisten-aluekartta-FI-EN.png 1024w, https:\/\/blogs.aalto.fi\/diemseminars\/files\/2025\/10\/OLY-vuokralaisten-aluekartta-FI-EN-788x550.png 788w, https:\/\/blogs.aalto.fi\/diemseminars\/files\/2025\/10\/OLY-vuokralaisten-aluekartta-FI-EN-768x536.png 768w, https:\/\/blogs.aalto.fi\/diemseminars\/files\/2025\/10\/OLY-vuokralaisten-aluekartta-FI-EN-680x475.png 680w\" sizes=\"auto, (max-width: 1024px) 100vw, 1024px\" \/><\/figure>\n\n\n\n<p><strong>The Flow of the Day<\/strong><\/p>\n\n\n\n<p>We will start the day with breakfast, networking and department information. The morning continues covering research pitches and funding related topics. After our break we discuss the developing of the TUTA strategy by identifying and facilitating cross-cutting strategic themes and related collaboration across the department.<\/p>\n\n\n\n<p>After lunch you can chose between <strong>afternoon activities: <\/strong><\/p>\n\n\n\n<p>A. <strong>Stadium \u201c<strong>Olympic Team Games<\/strong>\u201d<\/strong> &#8211;  Just for Fun! The games will be indoors and you don&#8217;t have to wear sports clothing other than indoor shoes. The number of participants is limited to 20.<\/p>\n\n\n\n<p>B. <strong>Olympic stadium guided tour i<\/strong>ncluding the <strong>Tower <\/strong>and <strong>TAHTO <\/strong>museum (90 min)<\/p>\n\n\n\n<p>At the end of the day we welcome you to join our Happy Hour at Sports Bar Hook, Mannerheimintie 17 &#8211; the first round of drinks is on the department.<\/p>\n\n\n\n<p>This annual research day is intended for all TUTA faculty, doctoral researchers, and staff \u2013 don\u2019t miss out!<\/p>\n\n\n\n<hr class=\"wp-block-separator has-alpha-channel-opacity\" \/>\n\n\n\n<p><strong>Agenda<\/strong><\/p>\n\n\n\n<p>8:45&nbsp;&nbsp;&nbsp;&nbsp; <strong>Arrival and Breakfast <\/strong>at the Olympic Stadium<\/p>\n\n\n\n<p>9:30&nbsp;&nbsp;&nbsp;&nbsp; <strong>Icebreaker<\/strong>&nbsp;| Noora &amp; Jani-Pekka (Room 1952)<\/p>\n\n\n\n<p>9:55<strong>&nbsp;&nbsp;&nbsp;&nbsp; Welcome words<\/strong>&nbsp;<\/p>\n\n\n\n<p>10:00&nbsp;&nbsp; <strong>TUTA update <\/strong>| Jens<\/p>\n\n\n\n<p>10:15&nbsp; &nbsp;<strong>Research pitch &#8211;<\/strong> <strong>developing research<\/strong><strong> by leveraging external funding <\/strong><strong>&nbsp;<\/strong>| Markku<\/p>\n\n\n\n<p>11:30&nbsp;&nbsp; Break<\/p>\n\n\n\n<p>11:45&nbsp;&nbsp; <strong>Developing <\/strong><strong>the <\/strong><strong>TUTA strategy &#8211; ideas and actions <\/strong>| Jens<\/p>\n\n\n\n<p>12:45&nbsp;&nbsp; Buffet &nbsp;Lunch<\/p>\n\n\n\n<p>13:45&nbsp;&nbsp; Stadium \u201c<strong>Olympic Team Games<\/strong>\u201d or Stadium guided tour (including Tower &amp; TAHTO museum)<\/p>\n\n\n\n<p>15:15 &nbsp; <strong>Wrap-up &amp; <\/strong><strong>Coffee<\/strong><\/p>\n\n\n\n<p>16:00&nbsp; &nbsp;<strong>End of Ruska 2025<\/strong><strong><\/strong><\/p>\n\n\n\n<p>* * *<\/p>\n\n\n\n<p>16:15 Happy Hour at Sports Bar Hook, Mannerheimintie 17<\/p>\n\n\n\n<p>See you at RUSKA!<\/p>\n\n\n\n<p><\/p>\n\n\n\n<p>For the planning team,<\/p>\n\n\n\n<p>Markku, Jani-Pekka, Noora &amp; Mary-Ann&nbsp;<\/p>\n\n\n\n<p>Please contact <a href=\"mailto:mary-ann.alfthan@aalto.fi\">mary-ann.alfthan@aalto.fi<\/a>, phone 050 305 4767, if you have last minute cancellations questions!<\/p>\n\n\n\n<p><em>RUSKA Research day is a yearly event that takes place during the fall semester. The research day is part of TUTA\u2019s long-term target to energize and advance the TUTA research community, its efforts, vision, and its research and societal impact.<\/em><\/p>\n\n\n\n<figure class=\"wp-block-image size-full\"><img loading=\"lazy\" decoding=\"async\" width=\"960\" height=\"337\" src=\"https:\/\/blogs.aalto.fi\/diemseminars\/files\/2025\/08\/Picture4.png\" alt=\"\" class=\"wp-image-1528\" srcset=\"https:\/\/blogs.aalto.fi\/diemseminars\/files\/2025\/08\/Picture4.png 960w, https:\/\/blogs.aalto.fi\/diemseminars\/files\/2025\/08\/Picture4-788x277.png 788w, https:\/\/blogs.aalto.fi\/diemseminars\/files\/2025\/08\/Picture4-768x270.png 768w, https:\/\/blogs.aalto.fi\/diemseminars\/files\/2025\/08\/Picture4-680x239.png 680w\" sizes=\"auto, (max-width: 960px) 100vw, 960px\" \/><\/figure>\n\n\n\n<p><strong>Who is going (updated 20.10.)<\/strong><br>Tom Olympic Team Games<br>Tim Olympic Team Games<br>Tarun Olympic Team Games<br>Silja Olympic Team Games<br>Sajjad Olympic Team Games<br>Pinja Olympic Team Games<br>Mutanen Olympic Team Games<br>Lauri Olympic Team Games<br>Kari Olympic Team Games<br>Juuso Olympic Team Games<br>Julius Olympic Team Games<br>John Olympic Team Games<br>Joel Olympic Team Games<br>Jan Olympic Team Games<br>Frank Olympic Team Games<br>Esko Olympic Team Games<br>Erik Olympic Team Games<br>Tuukka Guided tour<br>Tero Guided tour<br>Sonja Guided tour<br>Simo Guided tour<br>Siavash Guided tour<br>Saija Guided tour<br>Risto Guided tour<br>Risto Guided tour<br>Raija Guided tour<br>Pia Guided tour<br>Obaid Guided tour<br>Noora Guided tour<br>Nomi Guided tour<br>Niko Guided tour<br>Mikko Guided tour<br>Mary-Ann Guided tour<br>Markku Guided tour<br>Kimmo Guided tour<br>Kaarlo Guided tour<br>Juha Guided tour<br>Jouni Guided tour<br>Jani-Pekka Guided tour<br>Ahmed Guided tour<br>Christian Guided tour<br>Ashish Guided tour<br>Anu Guided tour<br>Anita Guided tour<br>Amarin Guided tour<br>Aino-Nina Guided tour<br>Peter Guided tour<br>Veera<br>Ruth<br>Jukka<br>Jens<br>Jari<br>Helmiina #NAME?<\/p>\n\n\n","protected":false},"excerpt":{"rendered":"<p><strong>WHAT? <\/strong>RUSKA 2025 \u2013 A day for TUTA Research, Teaching and Impact<strong>WHEN?<\/strong> Wednesday October 22, 2025 from 8:45 to 16:00<strong>WHERE?<\/strong> Olympic Stadium&nbsp;in Helsinki&nbsp;Paavo<\/p>\n","protected":false},"author":961,"featured_media":0,"parent":0,"menu_order":0,"comment_status":"closed","ping_status":"closed","template":"","meta":{"footnotes":""},"class_list":["post-1516","page","type-page","status-publish","hentry"],"_links":{"self":[{"href":"https:\/\/blogs.aalto.fi\/diemseminars\/wp-json\/wp\/v2\/pages\/1516","targetHints":{"allow":["GET"]}}],"collection":[{"href":"https:\/\/blogs.aalto.fi\/diemseminars\/wp-json\/wp\/v2\/pages"}],"about":[{"href":"https:\/\/blogs.aalto.fi\/diemseminars\/wp-json\/wp\/v2\/types\/page"}],"author":[{"embeddable":true,"href":"https:\/\/blogs.aalto.fi\/diemseminars\/wp-json\/wp\/v2\/users\/961"}],"replies":[{"embeddable":true,"href":"https:\/\/blogs.aalto.fi\/diemseminars\/wp-json\/wp\/v2\/comments?post=1516"}],"version-history":[{"count":22,"href":"https:\/\/blogs.aalto.fi\/diemseminars\/wp-json\/wp\/v2\/pages\/1516\/revisions"}],"predecessor-version":[{"id":1571,"href":"https:\/\/blogs.aalto.fi\/diemseminars\/wp-json\/wp\/v2\/pages\/1516\/revisions\/1571"}],"wp:attachment":[{"href":"https:\/\/blogs.aalto.fi\/diemseminars\/wp-json\/wp\/v2\/media?parent=1516"}],"curies":[{"name":"wp","href":"https:\/\/api.w.org\/{rel}","templated":true}]}}