{"id":1339,"date":"2024-09-09T12:45:12","date_gmt":"2024-09-09T12:45:12","guid":{"rendered":"https:\/\/blogs.aalto.fi\/diemseminars\/?page_id=1339"},"modified":"2024-10-16T11:17:48","modified_gmt":"2024-10-16T11:17:48","slug":"ruska-2024","status":"publish","type":"page","link":"https:\/\/blogs.aalto.fi\/diemseminars\/ruska-2024\/","title":{"rendered":"RUSKA 2024"},"content":{"rendered":"\n<figure class=\"wp-block-image size-large\"><img loading=\"lazy\" decoding=\"async\" width=\"1140\" height=\"797\" src=\"https:\/\/blogs.aalto.fi\/diemseminars\/files\/2024\/10\/IMG_20241009_143459-1140x797.jpg\" alt=\"\" class=\"wp-image-1420\" srcset=\"https:\/\/blogs.aalto.fi\/diemseminars\/files\/2024\/10\/IMG_20241009_143459-1140x797.jpg 1140w, https:\/\/blogs.aalto.fi\/diemseminars\/files\/2024\/10\/IMG_20241009_143459-788x551.jpg 788w, https:\/\/blogs.aalto.fi\/diemseminars\/files\/2024\/10\/IMG_20241009_143459-768x537.jpg 768w, https:\/\/blogs.aalto.fi\/diemseminars\/files\/2024\/10\/IMG_20241009_143459-1536x1073.jpg 1536w, https:\/\/blogs.aalto.fi\/diemseminars\/files\/2024\/10\/IMG_20241009_143459-2048x1431.jpg 2048w, https:\/\/blogs.aalto.fi\/diemseminars\/files\/2024\/10\/IMG_20241009_143459-680x475.jpg 680w\" sizes=\"auto, (max-width: 1140px) 100vw, 1140px\" \/><\/figure>\n\n\n\n<p>WHAT? RUSKA 2024  &#8211; A day for TUTA Research, Teaching and Impact<br>WHEN? Wednesday October 9, 2024 from 8:45 to 16:15<br>WHERE? VERMO Areena, Valjakkotie 1, 00370 Helsinki<br>WHO? All members of TUTA Staff, Faculty including Researchers, Professors, Post docs and Docents and Doctoral researchers.<\/p>\n\n\n\n<hr class=\"wp-block-separator has-alpha-channel-opacity\" \/>\n\n\n\n<p><a href=\"https:\/\/www.dropbox.com\/scl\/fo\/y06q4f63esjs4q683nxov\/ACSBScuT2u19i3mbdeAJ-NU?rlkey=i0hsg23gi5ewbrf3tcduwdj63&amp;dl=0\" data-type=\"link\" data-id=\"https:\/\/www.dropbox.com\/scl\/fo\/y06q4f63esjs4q683nxov\/ACSBScuT2u19i3mbdeAJ-NU?rlkey=i0hsg23gi5ewbrf3tcduwdj63&amp;dl=0\"><strong>RUSKA pics &amp; presentations<\/strong><\/a><br>&#8211; <strong>What&#8217;s up @TUTA? |<\/strong> Jens Schmidt<\/p>\n\n\n\n<p>&#8211; <strong>RUSKA introduction<\/strong> &amp; <strong>Developing impactful externally funded research projects<\/strong> | Markku Maula<\/p>\n\n\n\n<p>&#8211; <strong>Building stronger TUTA community &#8211; ideas and actions<\/strong> | Jari Ylitalo<\/p>\n\n\n\n<p><\/p>\n\n\n\n<p><strong><a href=\"https:\/\/www.dropbox.com\/scl\/fo\/07nslqnf4qqj7cgdw0tdp\/AL6ssc8eUaem-OQzrz9Q8n4?rlkey=sibj6wfc6fueqx40hgz1a22a6&amp;dl=0\" data-type=\"link\" data-id=\"https:\/\/www.dropbox.com\/scl\/fo\/07nslqnf4qqj7cgdw0tdp\/AL6ssc8eUaem-OQzrz9Q8n4?rlkey=sibj6wfc6fueqx40hgz1a22a6&amp;dl=0\">RUSKA pics and videos<\/a><\/strong> | by Markku &amp; Mary-Ann<\/p>\n\n\n\n<p><strong>RUSKA feedback wanted<\/strong> &#8211; please take 5 minutes and evaluate the RUSKA 2024 event here:  <br><a rel=\"noreferrer noopener\" href=\"https:\/\/link.webropol.com\/s\/ruska2024feedback\" target=\"_blank\">https:\/\/link.webropol.com\/s\/ruska2024feedback<\/a>. The responses are anonymous.<\/p>\n\n\n\n<hr class=\"wp-block-separator has-alpha-channel-opacity\" \/>\n\n\n\n<p>ARRIVAL &amp; PRACTICAL INFORMATION<br><br><strong>TO ENTER VERMO Areena, walk to the &nbsp;the front<\/strong> side of the building facing the horse track &nbsp;(parking area is in the back of the building) <strong>and enter from the wooden terraces<\/strong> &gt; &nbsp;we start in the <strong>VOLTTI lounge<\/strong> area and then move over to <strong>the meeting area one<\/strong> floor up. We will spend the entire morning &amp; lunch break in VERMO Areena.<\/p>\n\n\n\n<figure class=\"wp-block-image size-full\"><img loading=\"lazy\" decoding=\"async\" width=\"800\" height=\"311\" src=\"https:\/\/blogs.aalto.fi\/diemseminars\/files\/2024\/10\/Picture4.png\" alt=\"\" class=\"wp-image-1416\" srcset=\"https:\/\/blogs.aalto.fi\/diemseminars\/files\/2024\/10\/Picture4.png 800w, https:\/\/blogs.aalto.fi\/diemseminars\/files\/2024\/10\/Picture4-788x306.png 788w, https:\/\/blogs.aalto.fi\/diemseminars\/files\/2024\/10\/Picture4-768x299.png 768w, https:\/\/blogs.aalto.fi\/diemseminars\/files\/2024\/10\/Picture4-680x264.png 680w\" sizes=\"auto, (max-width: 800px) 100vw, 800px\" \/><\/figure>\n\n\n\n<p>WARM, Water &amp; Wind proof clothing and shoes are highly recommended for the afternoon outdoor session as the <a href=\"https:\/\/www.foreca.fi\/Finland\/Espoo\/Leppavaara\">forecast<\/a> for Wednesday looks rather windy and partly wet.<\/p>\n\n\n\n<p>For tandem horse riding you will get a helmet, glasses and a cover overall but it\u2019s good to have insensitive shoes as dirt may fly around.<\/p>\n\n\n\n<p>Wrap-up coffee will be served in the VOLTTI lounge. You can leave your changing clothes and bags in the meeting area throughout the day and there will be a locked space for laptops etc.<\/p>\n\n\n\n<p>After the official RUSKA you are welcome to stay for Happy Hour, the first drink is sponsored by the department. Also there will be TOTO betting demo at 16.15.<\/p>\n\n\n\n<p>Only participate, if you are healthy!<\/p>\n\n\n\n<p>In case of last minute questions or cancellations, please contact&nbsp;<a href=\"mailto:mary-ann.alfthan@aalto.fi\">mary-ann.alfthan@aalto.fi<\/a>, phone 050&nbsp;305 4767.<\/p>\n\n\n\n<hr class=\"wp-block-separator has-alpha-channel-opacity\" \/>\n\n\n\n<div class=\"wp-block-media-text has-media-on-the-right is-stacked-on-mobile\"><div class=\"wp-block-media-text__content\">\n<p><em><strong>RUSKA Research Day <\/strong>is a yearly event that  is part of TUTA\u2019s long-term target to energize and advance the TUTA research community, its efforts, vision, and its research and societal impact<\/em><\/p>\n\n\n\n<p>This year RUSKA takes us to the nearby <strong><a href=\"https:\/\/vermo.fi\/fi-fi\/areena\">VERMO horse racing arena<\/a><\/strong> only a few tramstops away from our campus. <\/p>\n\n\n\n<p>Welcome!<\/p>\n<\/div><figure class=\"wp-block-media-text__media\"><img loading=\"lazy\" decoding=\"async\" width=\"1140\" height=\"839\" src=\"http:\/\/blogs.aalto.fi\/diemseminars\/files\/2024\/09\/MG_8518-e1725972568296-1140x839.jpg\" alt=\"\" class=\"wp-image-1353 size-full\" srcset=\"https:\/\/blogs.aalto.fi\/diemseminars\/files\/2024\/09\/MG_8518-e1725972568296-1140x839.jpg 1140w, https:\/\/blogs.aalto.fi\/diemseminars\/files\/2024\/09\/MG_8518-e1725972568296-788x580.jpg 788w, https:\/\/blogs.aalto.fi\/diemseminars\/files\/2024\/09\/MG_8518-e1725972568296-768x565.jpg 768w, https:\/\/blogs.aalto.fi\/diemseminars\/files\/2024\/09\/MG_8518-e1725972568296-1536x1131.jpg 1536w, https:\/\/blogs.aalto.fi\/diemseminars\/files\/2024\/09\/MG_8518-e1725972568296-2048x1507.jpg 2048w, https:\/\/blogs.aalto.fi\/diemseminars\/files\/2024\/09\/MG_8518-e1725972568296-680x500.jpg 680w\" sizes=\"auto, (max-width: 1140px) 100vw, 1140px\" \/><\/figure><\/div>\n\n\n\n<hr class=\"wp-block-separator has-alpha-channel-opacity\" \/>\n\n\n\n<div class=\"wp-block-media-text is-stacked-on-mobile\"><figure class=\"wp-block-media-text__media\"><img loading=\"lazy\" decoding=\"async\" width=\"1140\" height=\"641\" src=\"https:\/\/blogs.aalto.fi\/diemseminars\/files\/2024\/09\/2020-10-16-1-1140x641.jpg\" alt=\"\" class=\"wp-image-1355 size-full\" srcset=\"https:\/\/blogs.aalto.fi\/diemseminars\/files\/2024\/09\/2020-10-16-1-1140x641.jpg 1140w, https:\/\/blogs.aalto.fi\/diemseminars\/files\/2024\/09\/2020-10-16-1-788x443.jpg 788w, https:\/\/blogs.aalto.fi\/diemseminars\/files\/2024\/09\/2020-10-16-1-768x432.jpg 768w, https:\/\/blogs.aalto.fi\/diemseminars\/files\/2024\/09\/2020-10-16-1-680x383.jpg 680w, https:\/\/blogs.aalto.fi\/diemseminars\/files\/2024\/09\/2020-10-16-1.jpg 1360w\" sizes=\"auto, (max-width: 1140px) 100vw, 1140px\" \/><\/figure><div class=\"wp-block-media-text__content\">\n<p><strong>The Flow of the Day<\/strong><\/p>\n\n\n\n<p>Welcome to start the day over a good morning breakfast at our venue. If you don&#8217;t know all your new colleagues, this is the day to connect with them! Jens will give us an update on what&#8217;s up and new at the department.<\/p>\n<\/div><\/div>\n\n\n\n<p>In the morning sessions we will discuss two current topics: <em>How to develop impactful, externally funded reseach projects<\/em> and secondly, <em>Building stronger TUTA community &#8211; ideas and actions<\/em>.<\/p>\n\n\n\n<p>After lunch everyone interested can try out horse racing on tandem vehicles together with a pro horse racer! Needed helmet, glasses and cover clothing (haalar) are provided for you. <\/p>\n\n\n\n<p>Alternatively you can visit the stables, hear facts and myths about horse racing. Or you can play frisbee golf (own discs needed) or go trekking in the nearby forest or towards the Gallen Kallela Caf\u00e9 Tarvasp\u00e4\u00e4 <\/p>\n\n\n<div class=\"wp-block-image\">\n<figure class=\"alignright size-full is-resized\"><img loading=\"lazy\" decoding=\"async\" width=\"632\" height=\"693\" src=\"https:\/\/blogs.aalto.fi\/diemseminars\/files\/2024\/09\/Picture1-1.jpg\" alt=\"\" class=\"wp-image-1399\" style=\"aspect-ratio:0.911976911976912;width:175px;height:auto\" \/><\/figure>\n<\/div>\n\n\n<p>caf\u00e9,  (approx. 30 min one way), if you prefer!<\/p>\n\n\n\n<p><\/p>\n\n\n\n<p>At the end of the day you are welcome to stay for an After Work drink sponsored by the department. For those interested, there will be a Toto demo on how to bet!<\/p>\n\n\n\n<p><\/p>\n\n\n\n<hr class=\"wp-block-separator has-alpha-channel-opacity\" \/>\n\n\n\n<p><strong>AGENDA <\/strong>(updates will be made on this event page)<\/p>\n\n\n\n<p>8:45&nbsp;&nbsp;&nbsp;&nbsp;&nbsp;&nbsp; Arrival at Vermo Areena, breakfast (Voltti Lounge)<\/p>\n\n\n\n<p>9:30&nbsp;&nbsp;&nbsp;&nbsp;&nbsp;&nbsp; <strong>Icebreaker<\/strong> | Jani-Pekka &amp; Andrey (Voltti Lounge)<\/p>\n\n\n\n<p>9:55<strong> &nbsp;&nbsp;&nbsp;&nbsp;&nbsp; Welcome words<\/strong> (Auditorium)<\/p>\n\n\n\n<p>10:00&nbsp;&nbsp;&nbsp; <strong>TUTA update<\/strong> |Jens<\/p>\n\n\n\n<p>10:15&nbsp;&nbsp;&nbsp; <strong>Developing impactful externally funded research projects <\/strong>| Markku<\/p>\n\n\n\n<p>11:30&nbsp;&nbsp;&nbsp; Break (coffee)<\/p>\n\n\n\n<p>11:45&nbsp;&nbsp;&nbsp; <strong>Building stronger TUTA community &#8211; ideas and actions&nbsp;<\/strong>| Jari<\/p>\n\n\n\n<p>12:45&nbsp;&nbsp;&nbsp; <strong>Lunch <\/strong>(Restaurant)<\/p>\n\n\n\n<p>13:45&nbsp;&nbsp;&nbsp; <strong>Tandem horse ride, tour around stables, hiking, or frisbee golf<\/strong><\/p>\n\n\n\n<p>15:45 &nbsp;&nbsp; <strong>Wrapup &amp; Coffee<\/strong> (Voltti Lounge)<\/p>\n\n\n\n<p>16:15&nbsp;&nbsp;&nbsp; <strong>End of Ruska 2024<\/strong><\/p>\n\n\n\n<p>&#8212;<\/p>\n\n\n\n<p>16:15 &nbsp;&nbsp; <strong>Happy Hour &amp; optional Toto demo <\/strong>for those who would like to continue<\/p>\n\n\n\n<p>18:00 &nbsp;&nbsp; <strong>Wednesday Vermo horse race <\/strong>(free)<\/p>\n\n\n\n<p><\/p>\n\n\n\n<p>Welcome!<\/p>\n\n\n\n<hr class=\"wp-block-separator has-alpha-channel-opacity\" \/>\n\n\n\n<p><strong>LOGISTICS<\/strong><\/p>\n\n\n\n<div class=\"wp-block-media-text is-stacked-on-mobile\"><figure class=\"wp-block-media-text__media\"><img loading=\"lazy\" decoding=\"async\" width=\"288\" height=\"366\" src=\"https:\/\/blogs.aalto.fi\/diemseminars\/files\/2024\/09\/Picture1.png\" alt=\"\" class=\"wp-image-1348 size-full\" \/><\/figure><div class=\"wp-block-media-text__content\">\n<p>Vermo Areena, address Valjakkotie 1, Espoo, is easily accessible by the light rail line nro 15. If you start from the &#8220;Maari&#8221; stop closeby TUAS, you have 6 stops\/15 min to go plus a 10 min walk to the Vermo Areena.<\/p>\n<\/div><\/div>\n\n\n\n<p><\/p>\n\n\n\n<p>If you arrive by car, there is plenty of free parking outside our venue.<\/p>\n\n\n\n<p>Welcome!<\/p>\n\n\n\n<p><\/p>\n\n\n\n<hr class=\"wp-block-separator has-alpha-channel-opacity\" \/>\n\n\n\n<p><strong>WHO&#8217;S GOING <\/strong>(updated 1.10.)<\/p>\n\n\n\n<p>Satu K.<\/p>\n\n\n\n<p>Tero<\/p>\n\n\n\n<p>Obaid<\/p>\n\n\n\n<p>Victor<\/p>\n\n\n\n<p>Erik<\/p>\n\n\n\n<p>Kaarlo<\/p>\n\n\n\n<p>Siavash<\/p>\n\n\n\n<p>Jan<\/p>\n\n\n\n<p>Alireza<\/p>\n\n\n\n<p>Jari<\/p>\n\n\n\n<p>Anu<\/p>\n\n\n\n<p>Ada<\/p>\n\n\n\n<p>Amanda<\/p>\n\n\n\n<p>Timo<\/p>\n\n\n\n<p>M\u00e4rt<\/p>\n\n\n\n<p>Christian<\/p>\n\n\n\n<p>Kimmo<\/p>\n\n\n\n<p>Andrey<\/p>\n\n\n\n<p>Peter Ken.<\/p>\n\n\n\n<p>Mari<\/p>\n\n\n\n<p>Tomomi<\/p>\n\n\n\n<p>Sonja<\/p>\n\n\n\n<p>Elena<\/p>\n\n\n\n<p>Taija<\/p>\n\n\n\n<p>Ashish<\/p>\n\n\n\n<p>Lauri<\/p>\n\n\n\n<p>Margita<\/p>\n\n\n\n<p>Pia<\/p>\n\n\n\n<p>Markku<\/p>\n\n\n\n<p>Mikko<\/p>\n\n\n\n<p>Paul<\/p>\n\n\n\n<p>Nomi<\/p>\n\n\n\n<p>Frank<\/p>\n\n\n\n<p>Matti<\/p>\n\n\n\n<p>Anita<\/p>\n\n\n\n<p>Tuukka<\/p>\n\n\n\n<p>Sajjad<\/p>\n\n\n\n<p>Lauri<\/p>\n\n\n\n<p>Niko<\/p>\n\n\n\n<p>Saara<\/p>\n\n\n\n<p>Risto R<\/p>\n\n\n\n<p>Pinja<\/p>\n\n\n\n<p>Noora<\/p>\n\n\n\n<p>Nina<\/p>\n\n\n\n<p>Robin<\/p>\n\n\n\n<p>Jani-Pekka<\/p>\n\n\n\n<p>Jens<\/p>\n\n\n\n<p>Tom<\/p>\n\n\n\n<p>Kari T<\/p>\n\n\n\n<p>Merit<\/p>\n\n\n\n<p>Satu<\/p>\n\n\n\n<p>Mary-Ann<\/p>\n","protected":false},"excerpt":{"rendered":"<p>WHAT? RUSKA 2024  &#8211; A day for TUTA Research, Teaching and ImpactWHEN? Wednesday October 9, 2024 from 8:45 to 16:15WHERE? VERMO Areena, Valjakkotie 1, 00370 HelsinkiWHO? All members of TUTA Staff<\/p>\n","protected":false},"author":961,"featured_media":0,"parent":0,"menu_order":0,"comment_status":"closed","ping_status":"closed","template":"","meta":{"footnotes":""},"class_list":["post-1339","page","type-page","status-publish","hentry"],"_links":{"self":[{"href":"https:\/\/blogs.aalto.fi\/diemseminars\/wp-json\/wp\/v2\/pages\/1339","targetHints":{"allow":["GET"]}}],"collection":[{"href":"https:\/\/blogs.aalto.fi\/diemseminars\/wp-json\/wp\/v2\/pages"}],"about":[{"href":"https:\/\/blogs.aalto.fi\/diemseminars\/wp-json\/wp\/v2\/types\/page"}],"author":[{"embeddable":true,"href":"https:\/\/blogs.aalto.fi\/diemseminars\/wp-json\/wp\/v2\/users\/961"}],"replies":[{"embeddable":true,"href":"https:\/\/blogs.aalto.fi\/diemseminars\/wp-json\/wp\/v2\/comments?post=1339"}],"version-history":[{"count":48,"href":"https:\/\/blogs.aalto.fi\/diemseminars\/wp-json\/wp\/v2\/pages\/1339\/revisions"}],"predecessor-version":[{"id":1436,"href":"https:\/\/blogs.aalto.fi\/diemseminars\/wp-json\/wp\/v2\/pages\/1339\/revisions\/1436"}],"wp:attachment":[{"href":"https:\/\/blogs.aalto.fi\/diemseminars\/wp-json\/wp\/v2\/media?parent=1339"}],"curies":[{"name":"wp","href":"https:\/\/api.w.org\/{rel}","templated":true}]}}