{"id":15,"date":"2023-02-24T12:31:33","date_gmt":"2023-02-24T12:31:33","guid":{"rendered":"https:\/\/blogs.aalto.fi\/ada2024\/?page_id=15"},"modified":"2024-05-08T19:18:44","modified_gmt":"2024-05-08T19:18:44","slug":"accommodation","status":"publish","type":"page","link":"https:\/\/blogs.aalto.fi\/ada2024\/accommodation\/","title":{"rendered":"Accommodation"},"content":{"rendered":"\n<p>A quota of rooms for ADA 2024 partcipants has been booked at <strong><a rel=\"noreferrer noopener\" href=\"https:\/\/www.radissonhotels.com\/en-us\/hotels\/radisson-blu-espoo?cid=a:se+b:gmb+c:emea+i:local+e:rdb+d:nob+h:FIHELESP\" target=\"_blank\">Radisson Blu Hotel Espoo<\/a><\/strong> (5-10 min walk to venue),  <strong><a rel=\"noreferrer noopener\" href=\"https:\/\/www.sokoshotels.fi\/en\/espoo\/sokos-hotel-tapiola-garden\" target=\"_blank\">Original Sokos Hotel Tapiola Garden<\/a><\/strong> (3 km to venue),   <strong><a href=\"https:\/\/www.sokoshotels.fi\/en\/hotels\/espoo\/heymo-1\" data-type=\"link\" data-id=\"https:\/\/www.sokoshotels.fi\/en\/hotels\/espoo\/heymo-1\">Heymo.1 by Sokos Hotels<\/a><\/strong> (low budget hotel, 15 min walk to venue) and\u00a0 <strong><a href=\"https:\/\/www.sokoshotels.fi\/fi\/helsinki\/sokos-hotel-presidentti\">Sokos Hotel Presidentti<\/a><\/strong> (city centre, 15 min metro + 10 min walk to venue) between July 9-14, 2024.  Early booking is recommended as Helsinki is a popular conference and tourist destination in July!<\/p>\n\n\n\n<p>The allotment will be released after<strong> June 9,<\/strong> 2024.<\/p>\n\n\n\n<figure class=\"wp-block-table\"><table><tbody><tr><td><strong><a rel=\"noreferrer noopener\" href=\"https:\/\/www.radissonhotels.com\/en-us\/hotels\/radisson-blu-espoo\" data-type=\"URL\" data-id=\"https:\/\/www.radissonhotels.com\/en-us\/hotels\/radisson-blu-espoo\" target=\"_blank\">Radisson Blu Hotel Espoo<\/a><br><\/strong>Otaranta 2, FIN- 02150 Espoo, t. +358 20 1234 705<br><br>Reservations can be made by phone  +358 300 870 010 \/ individual room reservations<br>OR<br>by email to <a href=\"mailto:reservations.finland@radissonblu.com\">reservations.finland@radissonblu.com<\/a> <br>Booking code <strong>ADA2024<\/strong><br><br>OR <br><strong>Online booking<\/strong>: &nbsp; <a rel=\"noreferrer noopener\" href=\"https:\/\/eur01.safelinks.protection.outlook.com\/?url=http%3A%2F%2Fwww.radissonhotels.com%2Fen-us%2F&amp;data=05%7C02%7Cmary-ann.alfthan%40aalto.fi%7C162bba48daf345c7c02608dc219d4a7c%7Cae1a772440414462a6dc538cb199707e%7C1%7C0%7C638422206680066612%7CUnknown%7CTWFpbGZsb3d8eyJWIjoiMC4wLjAwMDAiLCJQIjoiV2luMzIiLCJBTiI6Ik1haWwiLCJXVCI6Mn0%3D%7C0%7C%7C%7C&amp;sdata=6QNk6zEJikN5ILXT3hOLouDwiZ8OhagbtNz5sIPBzNc%3D&amp;reserved=0\" target=\"_blank\">www.radissonhotels.com\/en-us\/<\/a><br>Reservation code<strong> ADA24<\/strong><\/td><td>Standard single room 138 EUR\/night<br>Standard double room 148 EUR\/night<\/td><\/tr><tr><td><strong><a rel=\"noreferrer noopener\" href=\"https:\/\/www.sokoshotels.fi\/en\/helsinki\/sokos-hotel-presidentti\" target=\"_blank\">Original Sokos Hotel Presidentti<\/a><br><\/strong>Etel\u00e4inen Rautatiekatu 4, 00100 Helsinki<br>t. +358 20 1234 608<br><br>Reservations can be made by email or phone<br>\/booking code <strong>ADA2024<\/strong><br><strong>Sokos Hotels Sales services<\/strong><br>Phone: +358 300 870 000 \/ <strong>individual<\/strong> <strong>room<\/strong> <strong>reservations<br><\/strong>Email: sokos.hotels@sok.fi <br><br>OR<br><strong>Online booking<\/strong>: <a href=\"http:\/\/www.sokoshotels.fi\/en\" data-type=\"URL\" data-id=\"www.sokoshotels.fi\/en\">www.sokoshotels.fi\/en<\/a> &#8211;<br>Reservation code<strong> BADA2024<\/strong><\/td><td>Standard single room 148 EUR\/night<br>Standard double room 168 EUR\/night<\/td><\/tr><tr><td><strong><a rel=\"noreferrer noopener\" href=\"https:\/\/www.sokoshotels.fi\/en\/espoo\/sokos-hotel-tapiola-garden\" target=\"_blank\">Original Sokos Hotel Tapiola Garden<\/a><\/strong><br>Tapionaukio 3, FIN- 02100 Espoo,t. +358 20 1234 616<br><br>Reservations can be made by email or phone<br>\/booking code <strong>ADA2024<\/strong><br><strong>Sokos Hotels Sales services<\/strong><br>Phone: +358 300 870 000 \/ <strong>individual<\/strong> <strong>room<\/strong> <strong>reservations<br><\/strong>Email: sokos.hotels@sok.fi <br><br>OR<br><strong>Online booking<\/strong>: <a href=\"http:\/\/www.sokoshotels.fi\/en\" data-type=\"URL\" data-id=\"www.sokoshotels.fi\/en\">www.sokoshotels.fi\/en<\/a> &#8211;<br>Reservation code <strong>BADA2024<\/strong><\/td><td>Standard single room 130 EUR\/night<br>Standard double room 140 EUR\/night <\/td><\/tr><tr><td><strong><a href=\"https:\/\/www.sokoshotels.fi\/en\/hotels\/espoo\/heymo-1\" data-type=\"link\" data-id=\"https:\/\/www.sokoshotels.fi\/en\/hotels\/espoo\/heymo-1\">Heymo.1 by Sokos Hotels<\/a><\/strong><br>Miestentie 5, 02150 Espoo, p. +358 20 1234 201<br><br>Reservations can be made by email or phone<br>\/booking code <strong>ADA2024 <\/strong><br><strong>Sokos Hotels Sales services<\/strong><br>Phone: +358 300 870 000 \/ <strong>individual<\/strong> <strong>room<\/strong> <strong>reservations<br><\/strong>Email: sokos.hotels@sok.fi <br><br>OR<br><strong>Online booking<\/strong>: <a href=\"http:\/\/www.sokoshotels.fi\/en\" data-type=\"URL\" data-id=\"www.sokoshotels.fi\/en\">www.sokoshotels.fi\/en<\/a> &#8211;<br>Reservation code<strong> BADA2024<\/strong><\/td><td>Standard single room 85 EUR\/night<br>Standard double room 95 EUR\/night  <br>Breakfast is not included in the price of the room<\/td><\/tr><\/tbody><\/table><\/figure>\n\n\n\n<p>Rates include breakfast buffet, Wi-Fi, VAT and guest sauna.<\/p>\n\n\n\n<p>Please note, <strong>Heymo 1 rates do not include breakfast or sauna.<\/strong><\/p>\n\n\n\n<p><strong>Guarantee &amp; Payment<\/strong><br>All reservations are to be guaranteed by credit card upon booking. An individual booking from allotment can be canceled by 6 p.m local time. on the day of arrival, unless otherwise agreed. We primarily recommend making a reservation by phone or email. Kindly note that due to security reasons credit card details should not be sent via email. Guests pay individually, method of payment: cash or credit card.<\/p>\n\n\n\n<p><strong>Alternatively<\/strong><\/p>\n\n\n\n<figure class=\"wp-block-image\"><img decoding=\"async\" src=\"http:\/\/blogs.aalto.fi\/ncde2022\/files\/2022\/02\/toolotower.png\" alt=\"\" class=\"wp-image-70\" \/><\/figure>\n\n\n\n<p><strong>T\u00f6\u00f6l\u00f6 Towers, Pohjoinen Hesperiankatu 23 A<\/strong>, offers economy apartments and rooms including&nbsp;&nbsp; &nbsp;&nbsp; breakfast starting from 85 e \/ single room&nbsp; \/night.<br><strong>Book here<\/strong>&nbsp; <strong><a href=\"https:\/\/unihome.fi\/en\/properties\/toolo-towers\">T\u00f6\u00f6l\u00f6 Towers \u2013 Unihome<\/a> <\/strong>\u2013 use the code <strong>UNI24<\/strong> (TBC)<strong> and receive -10 % discount.<\/strong><\/p>\n\n\n\n<p>Good&nbsp; <strong>Airbnb<\/strong> homes are available in Helsink and Espoo.<\/p>\n\n\n\n<figure class=\"wp-block-image size-full\"><img loading=\"lazy\" decoding=\"async\" width=\"1000\" height=\"662\" src=\"http:\/\/blogs.aalto.fi\/ada2024\/files\/2023\/02\/naytos13_meri_karhu-37_Original.jpg\" alt=\"\" class=\"wp-image-7\" srcset=\"https:\/\/blogs.aalto.fi\/ada2024\/files\/2023\/02\/naytos13_meri_karhu-37_Original.jpg 1000w, https:\/\/blogs.aalto.fi\/ada2024\/files\/2023\/02\/naytos13_meri_karhu-37_Original-300x199.jpg 300w, https:\/\/blogs.aalto.fi\/ada2024\/files\/2023\/02\/naytos13_meri_karhu-37_Original-768x508.jpg 768w, https:\/\/blogs.aalto.fi\/ada2024\/files\/2023\/02\/naytos13_meri_karhu-37_Original-453x300.jpg 453w\" sizes=\"auto, (max-width: 1000px) 100vw, 1000px\" \/><\/figure>\n\n\n\n<p><sup>Photo Aalto University Meri Karhu<\/sup><\/p>\n","protected":false},"excerpt":{"rendered":"<p>A quota of rooms for ADA 2024 partcipants has been booked at Radisson Blu Hotel Espoo (5-10 min walk to venue), Original Sokos Hotel Tapiola Garden (3 km to venue), Heymo.1 by Sokos Hotels (low budget hotel, 15 min walk to venue) and\u00a0 Sokos Hotel Presidentti (city centre, 15 min metro + 10 min walk [&hellip;]<\/p>\n","protected":false},"author":961,"featured_media":0,"parent":0,"menu_order":0,"comment_status":"closed","ping_status":"closed","template":"","meta":{"footnotes":""},"class_list":["post-15","page","type-page","status-publish","hentry"],"_links":{"self":[{"href":"https:\/\/blogs.aalto.fi\/ada2024\/wp-json\/wp\/v2\/pages\/15","targetHints":{"allow":["GET"]}}],"collection":[{"href":"https:\/\/blogs.aalto.fi\/ada2024\/wp-json\/wp\/v2\/pages"}],"about":[{"href":"https:\/\/blogs.aalto.fi\/ada2024\/wp-json\/wp\/v2\/types\/page"}],"author":[{"embeddable":true,"href":"https:\/\/blogs.aalto.fi\/ada2024\/wp-json\/wp\/v2\/users\/961"}],"replies":[{"embeddable":true,"href":"https:\/\/blogs.aalto.fi\/ada2024\/wp-json\/wp\/v2\/comments?post=15"}],"version-history":[{"count":16,"href":"https:\/\/blogs.aalto.fi\/ada2024\/wp-json\/wp\/v2\/pages\/15\/revisions"}],"predecessor-version":[{"id":388,"href":"https:\/\/blogs.aalto.fi\/ada2024\/wp-json\/wp\/v2\/pages\/15\/revisions\/388"}],"wp:attachment":[{"href":"https:\/\/blogs.aalto.fi\/ada2024\/wp-json\/wp\/v2\/media?parent=15"}],"curies":[{"name":"wp","href":"https:\/\/api.w.org\/{rel}","templated":true}]}}